{"id":10309,"date":"2019-05-20T03:40:18","date_gmt":"2019-05-20T03:40:18","guid":{"rendered":"https:\/\/www.yildiztez.com\/about-us\/"},"modified":"2023-01-26T10:40:28","modified_gmt":"2023-01-26T10:40:28","slug":"about-us","status":"publish","type":"page","link":"https:\/\/www.yildiztez.com\/en\/about-us\/","title":{"rendered":"About Us"},"content":{"rendered":"<section class=\"wpb-content-wrapper\"><p>[vc_row full_width=&#8221;stretch_row&#8221; css=&#8221;.vc_custom_1674729628049{margin-top: 0px !important;margin-bottom: 0px !important;padding-top: 140px !important;padding-bottom: 100px !important;background-image: url(https:\/\/www.yildiztez.com\/wp-content\/uploads\/2023\/01\/yildiz-tez-breadcrumbs.jpg?id=10226) !important;background-position: center !important;background-repeat: no-repeat !important;background-size: cover !important;}&#8221; el_class=&#8221;background-position-center-top&#8221;][vc_column css=&#8221;.vc_custom_1558334049490{margin-top: 0px !important;margin-bottom: 0px !important;padding-top: 47px !important;padding-bottom: 0px !important;}&#8221;][vc_custom_heading font_container=&#8221;tag:h2|font_size:15px|text_align:center|color:%23ffffff|line_height:30px&#8221; custom_heading_select_font=&#8221;cfont&#8221; text=&#8221;Yildiz Tez&#8221; custom_heading_custom_font=&#8221;Overpass Light&#8221; el_class=&#8221;text-uppercase letter-spacing-1&#8243; css=&#8221;.vc_custom_1673529511732{margin-top: 0px !important;margin-bottom: 0px !important;padding-top: 0px !important;padding-bottom: 15px !important;}&#8221;][vc_custom_heading font_container=&#8221;tag:h2|font_size:65px|text_align:center|color:%23ffffff|line_height:72px&#8221; custom_heading_select_font=&#8221;cfont&#8221; text=&#8221;About Us&#8221; custom_heading_custom_font=&#8221;Overpass Thin&#8221; custom_heading_font_weight=&#8221;300&#8243; css=&#8221;.vc_custom_1673529519820{margin-top: 0px !important;margin-bottom: 0px !important;padding-top: 0px !important;padding-bottom: 7px !important;}&#8221; el_class=&#8221;letter-spacing&#8211;1&#8243;][\/vc_column][\/vc_row][vc_row css=&#8221;.vc_custom_1558327586524{margin-top: 0px !important;margin-bottom: 0px !important;padding-top: 100px !important;padding-bottom: 100px !important;}&#8221;][vc_column css=&#8221;.vc_custom_1558327596449{margin-top: 0px !important;margin-bottom: 0px !important;padding-top: 0px !important;padding-bottom: 0px !important;}&#8221;][vc_row_inner css=&#8221;.vc_custom_1558327607792{margin-top: 0px !important;margin-bottom: 0px !important;padding-top: 0px !important;padding-bottom: 0px !important;}&#8221;][vc_column_inner offset=&#8221;vc_col-lg-2 vc_col-md-12 vc_col-xs-12&#8243;][\/vc_column_inner][vc_column_inner css=&#8221;.vc_custom_1559126309167{margin-top: 0px !important;margin-bottom: 0px !important;padding-top: 0px !important;padding-bottom: 0px !important;}&#8221; offset=&#8221;vc_col-lg-8 vc_col-md-12 vc_col-xs-12&#8243;][vc_custom_heading font_container=&#8221;tag:h2|font_size:32px|text_align:center|color:%23000000|line_height:40px&#8221; custom_heading_select_font=&#8221;cfont&#8221; text=&#8221;About Us&#8221; custom_heading_custom_font=&#8221;Overpass Light&#8221; custom_heading_font_weight=&#8221;300&#8243; css=&#8221;.vc_custom_1673529662182{margin-top: 0px !important;margin-bottom: 0px !important;padding-top: 0px !important;padding-bottom: 25px !important;}&#8221;]<!-- radiantthemes-separator --><div  class=\"radiantthemes-separator element-one text-center \"><div class=\"radiantthemes-separator-block\" style=\"width: 40px ; height: 1px ; background-color: #ff1748 ;\"><div class=\"radiantthemes-separator-block-gap\" style=\"background-color: #ff1748 ;\"><\/div><\/div><\/div><!-- radiantthemes-separator -->[vc_column_text]<\/p>\n<h2>Who is Y\u0131ld\u0131z Thesis Center?<\/h2>\n<p>Y\u0131ld\u0131z Thesis Center is a professional team founded by academics who are specialized in different branches and have received their doctorate degrees, aiming to stand by your side and support you in your career steps.<\/p>\n<h2>Why Y\u0131ld\u0131z Thesis Center?<\/h2>\n<p>We deliver your requests at every academic level and branch with our professional staff. With our team that attaches utmost importance to the protection and confidentiality of personal data, we are at your side in every training process you have difficulty with. Your work is prepared in accordance with academic standards and plagiarism rates. With the Y\u0131ld\u0131z team, Y\u0131ld\u0131z Thesis Center provides you with a service that you will be satisfied with our 24\/7 interactive communication that will provide you with timely, non-delayed work deliveries and eliminate all the question marks you wonder. We offer the best price offers with our professional staff. All services we provide as Y\u0131ld\u0131z Thesis Center are offered to our clients within the scope of the Law No. 5846 on Intellectual and Artistic Works.[\/vc_column_text][\/vc_column_inner][vc_column_inner offset=&#8221;vc_col-lg-2 vc_col-md-12 vc_col-xs-12&#8243;][\/vc_column_inner][\/vc_row_inner][vc_row_inner gap=&#8221;30&#8243; disable_element=&#8221;yes&#8221; css=&#8221;.vc_custom_1673529576589{margin-top: 0px !important;margin-right: -15px !important;margin-bottom: 0px !important;margin-left: -15px !important;padding-top: 50px !important;padding-bottom: 0px !important;}&#8221;][vc_column_inner el_class=&#8221;text-hover-box&#8221; width=&#8221;1\/2&#8243; css=&#8221;.vc_custom_1559126399213{margin-top: 0px !important;margin-bottom: 0px !important;border-top-width: 1px !important;border-right-width: 1px !important;border-bottom-width: 1px !important;border-left-width: 1px !important;padding-top: 50px !important;padding-right: 30px !important;padding-bottom: 46px !important;padding-left: 30px !important;background-color: #ffffff !important;border-left-color: #f1f1f1 !important;border-left-style: solid !important;border-right-color: #f1f1f1 !important;border-right-style: solid !important;border-top-color: #f1f1f1 !important;border-top-style: solid !important;border-bottom-color: #f1f1f1 !important;border-bottom-style: solid !important;}&#8221; offset=&#8221;vc_col-lg-3 vc_col-md-6 vc_col-xs-12&#8243;][vc_single_image image=&#8221;8248&#8243; img_size=&#8221;full&#8221; alignment=&#8221;center&#8221; css=&#8221;.vc_custom_1558334951316{margin-top: 0px !important;margin-bottom: 0px !important;padding-top: 0px !important;padding-bottom: 35px !important;}&#8221;][vc_custom_heading font_container=&#8221;tag:h2|font_size:19px|text_align:center|color:%23383838|line_height:26px&#8221; custom_heading_select_font=&#8221;cfont&#8221; text=&#8221;Business Analytics&#8221; custom_heading_custom_font=&#8221;Overpass Bold&#8221; custom_heading_font_weight=&#8221;700&#8243; css=&#8221;.vc_custom_1559027832269{margin-top: 0px !important;margin-bottom: 0px !important;padding-top: 0px !important;padding-bottom: 15px !important;}&#8221;][vc_custom_heading font_container=&#8221;tag:p|font_size:17px|text_align:center|color:%23383838|line_height:30px&#8221; custom_heading_select_font=&#8221;cfont&#8221; text=&#8221;Omnis dolor repellendus temporibus autem&#8221; custom_heading_custom_font=&#8221;Barlow&#8221; css=&#8221;.vc_custom_1558326784818{margin-top: 0px !important;margin-bottom: 0px !important;padding-top: 0px !important;padding-bottom: 0px !important;}&#8221;][\/vc_column_inner][vc_column_inner el_class=&#8221;text-hover-box&#8221; width=&#8221;1\/2&#8243; css=&#8221;.vc_custom_1559126404963{margin-top: 0px !important;margin-bottom: 0px !important;border-top-width: 1px !important;border-right-width: 1px !important;border-bottom-width: 1px !important;border-left-width: 1px !important;padding-top: 50px !important;padding-right: 30px !important;padding-bottom: 46px !important;padding-left: 30px !important;background-color: #ffffff !important;border-left-color: #f1f1f1 !important;border-left-style: solid !important;border-right-color: #f1f1f1 !important;border-right-style: solid !important;border-top-color: #f1f1f1 !important;border-top-style: solid !important;border-bottom-color: #f1f1f1 !important;border-bottom-style: solid !important;}&#8221; offset=&#8221;vc_col-lg-3 vc_col-md-6 vc_col-xs-12&#8243;][vc_single_image image=&#8221;8257&#8243; img_size=&#8221;full&#8221; alignment=&#8221;center&#8221; css=&#8221;.vc_custom_1558335049617{margin-top: 0px !important;margin-bottom: 0px !important;padding-top: 0px !important;padding-bottom: 35px !important;}&#8221;][vc_custom_heading font_container=&#8221;tag:h2|font_size:19px|text_align:center|color:%23383838|line_height:26px&#8221; custom_heading_select_font=&#8221;cfont&#8221; text=&#8221;Innovative Ideas&#8221; custom_heading_custom_font=&#8221;Overpass Bold&#8221; custom_heading_font_weight=&#8221;700&#8243; css=&#8221;.vc_custom_1559027826277{margin-top: 0px !important;margin-bottom: 0px !important;padding-top: 0px !important;padding-bottom: 15px !important;}&#8221;][vc_custom_heading font_container=&#8221;tag:p|font_size:17px|text_align:center|color:%23383838|line_height:30px&#8221; custom_heading_select_font=&#8221;cfont&#8221; text=&#8221;Lorem ipsum dolor sit amet consectetur&#8221; custom_heading_custom_font=&#8221;Barlow&#8221; css=&#8221;.vc_custom_1558327113385{margin-top: 0px !important;margin-bottom: 0px !important;padding-top: 0px !important;padding-bottom: 0px !important;}&#8221;][\/vc_column_inner][vc_column_inner el_class=&#8221;text-hover-box&#8221; width=&#8221;1\/2&#8243; css=&#8221;.vc_custom_1559126411035{margin-top: 0px !important;margin-bottom: 0px !important;border-top-width: 1px !important;border-right-width: 1px !important;border-bottom-width: 1px !important;border-left-width: 1px !important;padding-top: 50px !important;padding-right: 30px !important;padding-bottom: 46px !important;padding-left: 30px !important;background-color: #ffffff !important;border-left-color: #f1f1f1 !important;border-left-style: solid !important;border-right-color: #f1f1f1 !important;border-right-style: solid !important;border-top-color: #f1f1f1 !important;border-top-style: solid !important;border-bottom-color: #f1f1f1 !important;border-bottom-style: solid !important;}&#8221; offset=&#8221;vc_col-lg-3 vc_col-md-6 vc_col-xs-12&#8243;][vc_single_image image=&#8221;8258&#8243; img_size=&#8221;full&#8221; alignment=&#8221;center&#8221; css=&#8221;.vc_custom_1558335065049{margin-top: 0px !important;margin-bottom: 0px !important;padding-top: 0px !important;padding-bottom: 35px !important;}&#8221;][vc_custom_heading font_container=&#8221;tag:h2|font_size:19px|text_align:center|color:%23383838|line_height:26px&#8221; custom_heading_select_font=&#8221;cfont&#8221; text=&#8221;Growth Assessment&#8221; custom_heading_custom_font=&#8221;Overpass Bold&#8221; custom_heading_font_weight=&#8221;700&#8243; css=&#8221;.vc_custom_1559027840228{margin-top: 0px !important;margin-bottom: 0px !important;padding-top: 0px !important;padding-bottom: 15px !important;}&#8221;][vc_custom_heading font_container=&#8221;tag:p|font_size:17px|text_align:center|color:%23383838|line_height:30px&#8221; custom_heading_select_font=&#8221;cfont&#8221; text=&#8221;Omnis dolor repellendus temporibus autem&#8221; custom_heading_custom_font=&#8221;Barlow&#8221; css=&#8221;.vc_custom_1558326784818{margin-top: 0px !important;margin-bottom: 0px !important;padding-top: 0px !important;padding-bottom: 0px !important;}&#8221;][\/vc_column_inner][vc_column_inner el_class=&#8221;text-hover-box&#8221; width=&#8221;1\/2&#8243; css=&#8221;.vc_custom_1559126418205{margin-top: 0px !important;margin-bottom: 0px !important;border-top-width: 1px !important;border-right-width: 1px !important;border-bottom-width: 1px !important;border-left-width: 1px !important;padding-top: 50px !important;padding-right: 30px !important;padding-bottom: 46px !important;padding-left: 30px !important;background-color: #ffffff !important;border-left-color: #f1f1f1 !important;border-left-style: solid !important;border-right-color: #f1f1f1 !important;border-right-style: solid !important;border-top-color: #f1f1f1 !important;border-top-style: solid !important;border-bottom-color: #f1f1f1 !important;border-bottom-style: solid !important;}&#8221; offset=&#8221;vc_col-lg-3 vc_col-md-6 vc_col-xs-12&#8243;][vc_single_image image=&#8221;8259&#8243; img_size=&#8221;full&#8221; alignment=&#8221;center&#8221; css=&#8221;.vc_custom_1558335079991{margin-top: 0px !important;margin-bottom: 0px !important;padding-top: 0px !important;padding-bottom: 35px !important;}&#8221;][vc_custom_heading font_container=&#8221;tag:h2|font_size:19px|text_align:center|color:%23383838|line_height:26px&#8221; custom_heading_select_font=&#8221;cfont&#8221; text=&#8221;Time Management&#8221; custom_heading_custom_font=&#8221;Overpass Bold&#8221; custom_heading_font_weight=&#8221;700&#8243; css=&#8221;.vc_custom_1559027846125{margin-top: 0px !important;margin-bottom: 0px !important;padding-top: 0px !important;padding-bottom: 15px !important;}&#8221;][vc_custom_heading font_container=&#8221;tag:p|font_size:17px|text_align:center|color:%23383838|line_height:30px&#8221; custom_heading_select_font=&#8221;cfont&#8221; text=&#8221;Lorem ipsum dolor sit amet consectetur&#8221; custom_heading_custom_font=&#8221;Barlow&#8221; css=&#8221;.vc_custom_1558327202298{margin-top: 0px !important;margin-bottom: 0px !important;padding-top: 0px !important;padding-bottom: 0px !important;}&#8221;][\/vc_column_inner][\/vc_row_inner][\/vc_column][\/vc_row]<\/p>\n<\/section>","protected":false},"excerpt":{"rendered":"<p>[vc_row full_width=&#8221;stretch_row&#8221; css=&#8221;.vc_custom_1674729628049{margin-top: 0px !important;margin-bottom: 0px !important;padding-top: 140px !important;padding-bottom: 100px !important;background-image: url(https:\/\/www.yildiztez.com\/wp-content\/uploads\/2023\/01\/yildiz-tez-breadcrumbs.jpg?id=10226) !important;background-position: center !important;background-repeat: no-repeat !important;background-size: cover !important;}&#8221; el_class=&#8221;background-position-center-top&#8221;][vc_column css=&#8221;.vc_custom_1558334049490{margin-top: 0px !important;margin-bottom: 0px !important;padding-top: 47px !important;padding-bottom: 0px !important;}&#8221;][vc_custom_heading font_container=&#8221;tag:h2|font_size:15px|text_align:center|color:%23ffffff|line_height:30px&#8221; custom_heading_select_font=&#8221;cfont&#8221; text=&#8221;Yildiz Tez&#8221; custom_heading_custom_font=&#8221;Overpass Light&#8221; el_class=&#8221;text-uppercase letter-spacing-1&#8243; css=&#8221;.vc_custom_1673529511732{margin-top: 0px !important;margin-bottom: 0px !important;padding-top: 0px !important;padding-bottom: 15px !important;}&#8221;][vc_custom_heading font_container=&#8221;tag:h2|font_size:65px|text_align:center|color:%23ffffff|line_height:72px&#8221; custom_heading_select_font=&#8221;cfont&#8221; text=&#8221;About Us&#8221; custom_heading_custom_font=&#8221;Overpass Thin&#8221; custom_heading_font_weight=&#8221;300&#8243; css=&#8221;.vc_custom_1673529519820{margin-top: 0px [&hellip;]<\/p>\n","protected":false},"author":1,"featured_media":0,"parent":0,"menu_order":0,"comment_status":"closed","ping_status":"closed","template":"","meta":{"footnotes":""},"class_list":["post-10309","page","type-page","status-publish","hentry"],"yoast_head":"<!-- This site is optimized with the Yoast SEO plugin v19.14 - https:\/\/yoast.com\/wordpress\/plugins\/seo\/ -->\n<title>About Us - Y\u0131ld\u0131z Tez<\/title>\n<meta name=\"robots\" content=\"index, follow, max-snippet:-1, max-image-preview:large, max-video-preview:-1\" \/>\n<link rel=\"canonical\" href=\"https:\/\/www.yildiztez.com\/en\/about-us\/\" \/>\n<meta property=\"og:locale\" content=\"en_US\" \/>\n<meta property=\"og:type\" content=\"article\" \/>\n<meta property=\"og:title\" content=\"About Us - Y\u0131ld\u0131z Tez\" \/>\n<meta property=\"og:description\" content=\"[vc_row full_width=&#8221;stretch_row&#8221; css=&#8221;.vc_custom_1674729628049{margin-top: 0px !important;margin-bottom: 0px !important;padding-top: 140px !important;padding-bottom: 100px !important;background-image: url(https:\/\/www.yildiztez.com\/wp-content\/uploads\/2023\/01\/yildiz-tez-breadcrumbs.jpg?id=10226) !important;background-position: center !important;background-repeat: no-repeat !important;background-size: cover !important;}&#8221; el_class=&#8221;background-position-center-top&#8221;][vc_column css=&#8221;.vc_custom_1558334049490{margin-top: 0px !important;margin-bottom: 0px !important;padding-top: 47px !important;padding-bottom: 0px !important;}&#8221;][vc_custom_heading font_container=&#8221;tag:h2|font_size:15px|text_align:center|color:%23ffffff|line_height:30px&#8221; custom_heading_select_font=&#8221;cfont&#8221; text=&#8221;Yildiz Tez&#8221; custom_heading_custom_font=&#8221;Overpass Light&#8221; el_class=&#8221;text-uppercase letter-spacing-1&#8243; css=&#8221;.vc_custom_1673529511732{margin-top: 0px !important;margin-bottom: 0px !important;padding-top: 0px !important;padding-bottom: 15px !important;}&#8221;][vc_custom_heading font_container=&#8221;tag:h2|font_size:65px|text_align:center|color:%23ffffff|line_height:72px&#8221; custom_heading_select_font=&#8221;cfont&#8221; text=&#8221;About Us&#8221; custom_heading_custom_font=&#8221;Overpass Thin&#8221; custom_heading_font_weight=&#8221;300&#8243; css=&#8221;.vc_custom_1673529519820{margin-top: 0px [&hellip;]\" \/>\n<meta property=\"og:url\" content=\"https:\/\/www.yildiztez.com\/en\/about-us\/\" \/>\n<meta property=\"og:site_name\" content=\"Y\u0131ld\u0131z Tez\" \/>\n<meta property=\"article:modified_time\" content=\"2023-01-26T10:40:28+00:00\" \/>\n<meta name=\"twitter:card\" content=\"summary_large_image\" \/>\n<meta name=\"twitter:label1\" content=\"Est. reading time\" \/>\n\t<meta name=\"twitter:data1\" content=\"5 minutes\" \/>\n<script type=\"application\/ld+json\" class=\"yoast-schema-graph\">{\"@context\":\"https:\/\/schema.org\",\"@graph\":[{\"@type\":\"WebPage\",\"@id\":\"https:\/\/www.yildiztez.com\/en\/about-us\/\",\"url\":\"https:\/\/www.yildiztez.com\/en\/about-us\/\",\"name\":\"About Us - Y\u0131ld\u0131z Tez\",\"isPartOf\":{\"@id\":\"https:\/\/www.yildiztez.com\/#website\"},\"datePublished\":\"2019-05-20T03:40:18+00:00\",\"dateModified\":\"2023-01-26T10:40:28+00:00\",\"breadcrumb\":{\"@id\":\"https:\/\/www.yildiztez.com\/en\/about-us\/#breadcrumb\"},\"inLanguage\":\"en-US\",\"potentialAction\":[{\"@type\":\"ReadAction\",\"target\":[\"https:\/\/www.yildiztez.com\/en\/about-us\/\"]}]},{\"@type\":\"BreadcrumbList\",\"@id\":\"https:\/\/www.yildiztez.com\/en\/about-us\/#breadcrumb\",\"itemListElement\":[{\"@type\":\"ListItem\",\"position\":1,\"name\":\"Anasayfa\",\"item\":\"https:\/\/www.yildiztez.com\/en\/\"},{\"@type\":\"ListItem\",\"position\":2,\"name\":\"About Us\"}]},{\"@type\":\"WebSite\",\"@id\":\"https:\/\/www.yildiztez.com\/#website\",\"url\":\"https:\/\/www.yildiztez.com\/\",\"name\":\"Y\u0131ld\u0131z Tez\",\"description\":\"Y\u0131ld\u0131z Tez\",\"publisher\":{\"@id\":\"https:\/\/www.yildiztez.com\/#organization\"},\"potentialAction\":[{\"@type\":\"SearchAction\",\"target\":{\"@type\":\"EntryPoint\",\"urlTemplate\":\"https:\/\/www.yildiztez.com\/?s={search_term_string}\"},\"query-input\":\"required name=search_term_string\"}],\"inLanguage\":\"en-US\"},{\"@type\":\"Organization\",\"@id\":\"https:\/\/www.yildiztez.com\/#organization\",\"name\":\"Y\u0131ld\u0131z Tez\",\"url\":\"https:\/\/www.yildiztez.com\/\",\"logo\":{\"@type\":\"ImageObject\",\"inLanguage\":\"en-US\",\"@id\":\"https:\/\/www.yildiztez.com\/#\/schema\/logo\/image\/\",\"url\":\"https:\/\/www.yildiztez.com\/wp-content\/uploads\/2023\/01\/yildiz-tez-yeni-logo.png\",\"contentUrl\":\"https:\/\/www.yildiztez.com\/wp-content\/uploads\/2023\/01\/yildiz-tez-yeni-logo.png\",\"width\":720,\"height\":232,\"caption\":\"Y\u0131ld\u0131z Tez\"},\"image\":{\"@id\":\"https:\/\/www.yildiztez.com\/#\/schema\/logo\/image\/\"}}]}<\/script>\n<!-- \/ Yoast SEO plugin. -->","yoast_head_json":{"title":"About Us - Y\u0131ld\u0131z Tez","robots":{"index":"index","follow":"follow","max-snippet":"max-snippet:-1","max-image-preview":"max-image-preview:large","max-video-preview":"max-video-preview:-1"},"canonical":"https:\/\/www.yildiztez.com\/en\/about-us\/","og_locale":"en_US","og_type":"article","og_title":"About Us - Y\u0131ld\u0131z Tez","og_description":"[vc_row full_width=&#8221;stretch_row&#8221; css=&#8221;.vc_custom_1674729628049{margin-top: 0px !important;margin-bottom: 0px !important;padding-top: 140px !important;padding-bottom: 100px !important;background-image: url(https:\/\/www.yildiztez.com\/wp-content\/uploads\/2023\/01\/yildiz-tez-breadcrumbs.jpg?id=10226) !important;background-position: center !important;background-repeat: no-repeat !important;background-size: cover !important;}&#8221; el_class=&#8221;background-position-center-top&#8221;][vc_column css=&#8221;.vc_custom_1558334049490{margin-top: 0px !important;margin-bottom: 0px !important;padding-top: 47px !important;padding-bottom: 0px !important;}&#8221;][vc_custom_heading font_container=&#8221;tag:h2|font_size:15px|text_align:center|color:%23ffffff|line_height:30px&#8221; custom_heading_select_font=&#8221;cfont&#8221; text=&#8221;Yildiz Tez&#8221; custom_heading_custom_font=&#8221;Overpass Light&#8221; el_class=&#8221;text-uppercase letter-spacing-1&#8243; css=&#8221;.vc_custom_1673529511732{margin-top: 0px !important;margin-bottom: 0px !important;padding-top: 0px !important;padding-bottom: 15px !important;}&#8221;][vc_custom_heading font_container=&#8221;tag:h2|font_size:65px|text_align:center|color:%23ffffff|line_height:72px&#8221; custom_heading_select_font=&#8221;cfont&#8221; text=&#8221;About Us&#8221; custom_heading_custom_font=&#8221;Overpass Thin&#8221; custom_heading_font_weight=&#8221;300&#8243; css=&#8221;.vc_custom_1673529519820{margin-top: 0px [&hellip;]","og_url":"https:\/\/www.yildiztez.com\/en\/about-us\/","og_site_name":"Y\u0131ld\u0131z Tez","article_modified_time":"2023-01-26T10:40:28+00:00","twitter_card":"summary_large_image","twitter_misc":{"Est. reading time":"5 minutes"},"schema":{"@context":"https:\/\/schema.org","@graph":[{"@type":"WebPage","@id":"https:\/\/www.yildiztez.com\/en\/about-us\/","url":"https:\/\/www.yildiztez.com\/en\/about-us\/","name":"About Us - Y\u0131ld\u0131z Tez","isPartOf":{"@id":"https:\/\/www.yildiztez.com\/#website"},"datePublished":"2019-05-20T03:40:18+00:00","dateModified":"2023-01-26T10:40:28+00:00","breadcrumb":{"@id":"https:\/\/www.yildiztez.com\/en\/about-us\/#breadcrumb"},"inLanguage":"en-US","potentialAction":[{"@type":"ReadAction","target":["https:\/\/www.yildiztez.com\/en\/about-us\/"]}]},{"@type":"BreadcrumbList","@id":"https:\/\/www.yildiztez.com\/en\/about-us\/#breadcrumb","itemListElement":[{"@type":"ListItem","position":1,"name":"Anasayfa","item":"https:\/\/www.yildiztez.com\/en\/"},{"@type":"ListItem","position":2,"name":"About Us"}]},{"@type":"WebSite","@id":"https:\/\/www.yildiztez.com\/#website","url":"https:\/\/www.yildiztez.com\/","name":"Y\u0131ld\u0131z Tez","description":"Y\u0131ld\u0131z Tez","publisher":{"@id":"https:\/\/www.yildiztez.com\/#organization"},"potentialAction":[{"@type":"SearchAction","target":{"@type":"EntryPoint","urlTemplate":"https:\/\/www.yildiztez.com\/?s={search_term_string}"},"query-input":"required name=search_term_string"}],"inLanguage":"en-US"},{"@type":"Organization","@id":"https:\/\/www.yildiztez.com\/#organization","name":"Y\u0131ld\u0131z Tez","url":"https:\/\/www.yildiztez.com\/","logo":{"@type":"ImageObject","inLanguage":"en-US","@id":"https:\/\/www.yildiztez.com\/#\/schema\/logo\/image\/","url":"https:\/\/www.yildiztez.com\/wp-content\/uploads\/2023\/01\/yildiz-tez-yeni-logo.png","contentUrl":"https:\/\/www.yildiztez.com\/wp-content\/uploads\/2023\/01\/yildiz-tez-yeni-logo.png","width":720,"height":232,"caption":"Y\u0131ld\u0131z Tez"},"image":{"@id":"https:\/\/www.yildiztez.com\/#\/schema\/logo\/image\/"}}]}},"_links":{"self":[{"href":"https:\/\/www.yildiztez.com\/en\/wp-json\/wp\/v2\/pages\/10309","targetHints":{"allow":["GET"]}}],"collection":[{"href":"https:\/\/www.yildiztez.com\/en\/wp-json\/wp\/v2\/pages"}],"about":[{"href":"https:\/\/www.yildiztez.com\/en\/wp-json\/wp\/v2\/types\/page"}],"author":[{"embeddable":true,"href":"https:\/\/www.yildiztez.com\/en\/wp-json\/wp\/v2\/users\/1"}],"replies":[{"embeddable":true,"href":"https:\/\/www.yildiztez.com\/en\/wp-json\/wp\/v2\/comments?post=10309"}],"version-history":[{"count":2,"href":"https:\/\/www.yildiztez.com\/en\/wp-json\/wp\/v2\/pages\/10309\/revisions"}],"predecessor-version":[{"id":10362,"href":"https:\/\/www.yildiztez.com\/en\/wp-json\/wp\/v2\/pages\/10309\/revisions\/10362"}],"wp:attachment":[{"href":"https:\/\/www.yildiztez.com\/en\/wp-json\/wp\/v2\/media?parent=10309"}],"curies":[{"name":"wp","href":"https:\/\/api.w.org\/{rel}","templated":true}]}}