{"id":10310,"date":"2019-05-20T10:31:19","date_gmt":"2019-05-20T10:31:19","guid":{"rendered":"https:\/\/www.yildiztez.com\/contact\/"},"modified":"2023-01-26T07:29:29","modified_gmt":"2023-01-26T07:29:29","slug":"contact","status":"publish","type":"page","link":"https:\/\/www.yildiztez.com\/en\/contact\/","title":{"rendered":"Contact"},"content":{"rendered":"<section class=\"wpb-content-wrapper\"><p>[vc_row full_width=&#8221;stretch_row&#8221; css=&#8221;.vc_custom_1558349511186{margin-top: 0px !important;margin-bottom: 0px !important;padding-top: 140px !important;padding-bottom: 100px !important;background-image: url(https:\/\/vio.radiantthemes.com\/wp-content\/uploads\/2019\/05\/contact-banner.jpg?id=8425) !important;background-position: center !important;background-repeat: no-repeat !important;background-size: cover !important;}&#8221; el_class=&#8221;background-position-center-top&#8221;][vc_column css=&#8221;.vc_custom_1558334049490{margin-top: 0px !important;margin-bottom: 0px !important;padding-top: 47px !important;padding-bottom: 0px !important;}&#8221;][vc_custom_heading font_container=&#8221;tag:h2|font_size:15px|text_align:center|color:%23ffffff|line_height:30px&#8221; custom_heading_select_font=&#8221;cfont&#8221; text=&#8221;Contact Us&#8221; custom_heading_custom_font=&#8221;Overpass Light&#8221; el_class=&#8221;text-uppercase letter-spacing-1&#8243; css=&#8221;.vc_custom_1673615704704{margin-top: 0px !important;margin-bottom: 0px !important;padding-top: 0px !important;padding-bottom: 15px !important;}&#8221;][vc_custom_heading font_container=&#8221;tag:h2|font_size:65px|text_align:center|color:%23ffffff|line_height:72px&#8221; custom_heading_select_font=&#8221;cfont&#8221; text=&#8221;Contact&#8221; custom_heading_custom_font=&#8221;Overpass Thin&#8221; custom_heading_font_weight=&#8221;300&#8243; css=&#8221;.vc_custom_1673615712099{margin-top: 0px !important;margin-bottom: 0px !important;padding-top: 0px !important;padding-bottom: 7px !important;}&#8221; el_class=&#8221;letter-spacing&#8211;1&#8243;][\/vc_column][\/vc_row][vc_section full_width=&#8221;stretch_row&#8221; css=&#8221;.vc_custom_1558352265133{margin-top: 15px !important;margin-bottom: 0px !important;padding-top: 0px !important;padding-bottom: 0px !important;background: #ffffff url(https:\/\/vio.radiantthemes.com\/wp-content\/uploads\/2019\/05\/gallery-back.png?id=8401) !important;background-position: 0 0 !important;background-repeat: no-repeat !important;}&#8221; el_class=&#8221;background-position-left-top&#8221;][vc_row css=&#8221;.vc_custom_1558350559229{margin-top: 0px !important;margin-bottom: 0px !important;padding-top: 100px !important;padding-bottom: 50px !important;}&#8221;][vc_column css=&#8221;.vc_custom_1558327596449{margin-top: 0px !important;margin-bottom: 0px !important;padding-top: 0px !important;padding-bottom: 0px !important;}&#8221;][\/vc_column][\/vc_row][vc_row equal_height=&#8221;yes&#8221; css_animation=&#8221;none&#8221; css=&#8221;.vc_custom_1559135206522{margin-top: 0px !important;margin-bottom: 0px !important;padding-top: 0px !important;padding-bottom: 120px !important;}&#8221;][vc_column width=&#8221;7\/12&#8243; css=&#8221;.vc_custom_1558351060037{margin-top: 0px !important;margin-bottom: 0px !important;padding-top: 30px !important;padding-right: 25px !important;padding-bottom: 30px !important;padding-left: 25px !important;background-color: #ffffff !important;}&#8221; el_class=&#8221;box-shadow-contact&#8221;][vc_row_inner css=&#8221;.vc_custom_1558351070810{margin-top: 0px !important;margin-bottom: 0px !important;padding-top: 0px !important;padding-bottom: 0px !important;}&#8221;][vc_column_inner css=&#8221;.vc_custom_1558351066297{margin-top: 0px !important;margin-bottom: 0px !important;padding-top: 0px !important;padding-bottom: 0px !important;}&#8221;]\r<!-- rt-cf7 -->\r<div class=\"radiant-contact-form rt5260b60040ebd0b element-one doctor-button vc_custom_1559134764553\"  ><div class=\"wpcf7 no-js\" id=\"wpcf7-f10325-o1\" lang=\"en-US\" dir=\"ltr\">\n<div class=\"screen-reader-response\"><p role=\"status\" aria-live=\"polite\" aria-atomic=\"true\"><\/p> <ul><\/ul><\/div>\n<form action=\"\/en\/wp-json\/wp\/v2\/pages\/10310#wpcf7-f10325-o1\" method=\"post\" class=\"wpcf7-form init\" aria-label=\"Contact form\" novalidate=\"novalidate\" data-status=\"init\">\n<div style=\"display: none;\">\n<input type=\"hidden\" name=\"_wpcf7\" value=\"10325\" \/>\n<input type=\"hidden\" name=\"_wpcf7_version\" value=\"5.7.2\" \/>\n<input type=\"hidden\" name=\"_wpcf7_locale\" value=\"en_US\" \/>\n<input type=\"hidden\" name=\"_wpcf7_unit_tag\" value=\"wpcf7-f10325-o1\" \/>\n<input type=\"hidden\" name=\"_wpcf7_container_post\" value=\"0\" \/>\n<input type=\"hidden\" name=\"_wpcf7_posted_data_hash\" value=\"\" \/>\n<\/div>\n<div class=\"industry-contact-form\">\n\t<div class=\"row\">\n\t\t<div class=\"col-lg-6 col-md-6 col-sm-12 col-xs-12\">\n\t\t\t<div class=\"form-row\">\n\t\t\t\t<p><span class=\"wpcf7-form-control-wrap\" data-name=\"Name\"><input size=\"40\" class=\"wpcf7-form-control wpcf7-text wpcf7-validates-as-required\" aria-required=\"true\" aria-invalid=\"false\" placeholder=\"Your Name\" value=\"\" type=\"text\" name=\"Name\" \/><\/span>\n\t\t\t\t<\/p>\n\t\t\t<\/div>\n\t\t<\/div>\n\t\t<div class=\"col-lg-6 col-md-6 col-sm-12 col-xs-12\">\n\t\t\t<div class=\"form-row\">\n\t\t\t\t<p><span class=\"wpcf7-form-control-wrap\" data-name=\"Name\"><input size=\"40\" class=\"wpcf7-form-control wpcf7-text wpcf7-validates-as-required\" aria-required=\"true\" aria-invalid=\"false\" placeholder=\"Your Surname\" value=\"\" type=\"text\" name=\"Name\" \/><\/span>\n\t\t\t\t<\/p>\n\t\t\t<\/div>\n\t\t<\/div>\n\t\t<div class=\"col-lg-6 col-md-6 col-sm-12 col-xs-12\">\n\t\t\t<div class=\"form-row\">\n\t\t\t\t<p><span class=\"wpcf7-form-control-wrap\" data-name=\"Email\"><input size=\"40\" class=\"wpcf7-form-control wpcf7-text wpcf7-email wpcf7-validates-as-required wpcf7-validates-as-email\" aria-required=\"true\" aria-invalid=\"false\" placeholder=\"E-mail\" value=\"\" type=\"email\" name=\"Email\" \/><\/span>\n\t\t\t\t<\/p>\n\t\t\t<\/div>\n\t\t<\/div>\n\t\t<div class=\"col-lg-6 col-md-6 col-sm-12 col-xs-12\">\n\t\t\t<div class=\"form-row\">\n\t\t\t\t<p><span class=\"wpcf7-form-control-wrap\" data-name=\"Number\"><input size=\"40\" class=\"wpcf7-form-control wpcf7-text wpcf7-tel wpcf7-validates-as-tel\" aria-invalid=\"false\" placeholder=\"Phone\" value=\"\" type=\"tel\" name=\"Number\" \/><\/span>\n\t\t\t\t<\/p>\n\t\t\t<\/div>\n\t\t<\/div>\n\t\t<div class=\"col-lg-6 col-md-6 col-sm-12 col-xs-12\">\n\t\t\t<div class=\"form-row\">\n\t\t\t\t<p><span class=\"wpcf7-form-control-wrap\" data-name=\"Company\"><input size=\"40\" class=\"wpcf7-form-control wpcf7-text\" aria-invalid=\"false\" placeholder=\"Area\" value=\"\" type=\"text\" name=\"Company\" \/><\/span>\n\t\t\t\t<\/p>\n\t\t\t<\/div>\n\t\t<\/div>\n\t\t<div class=\"col-lg-6 col-md-6 col-sm-12 col-xs-12\">\n\t\t\t<div class=\"form-row\">\n\t\t\t\t<p><span class=\"wpcf7-form-control-wrap\" data-name=\"Subject\"><input size=\"40\" class=\"wpcf7-form-control wpcf7-text\" aria-invalid=\"false\" placeholder=\"Subject\" value=\"\" type=\"text\" name=\"Subject\" \/><\/span>\n\t\t\t\t<\/p>\n\t\t\t<\/div>\n\t\t<\/div>\n\t\t<div class=\"col-lg-12 col-md-12 col-sm-12 col-xs-12\">\n\t\t\t<div class=\"form-row\">\n\t\t\t\t<p><span class=\"wpcf7-form-control-wrap\" data-name=\"Comments\"><textarea cols=\"40\" rows=\"10\" class=\"wpcf7-form-control wpcf7-textarea fitness-form-comments\" aria-invalid=\"false\" placeholder=\"Message...\" name=\"Comments\"><\/textarea><\/span>\n\t\t\t\t<\/p>\n\t\t\t<\/div>\n\t\t<\/div>\n\t\t<div class=\"col-lg-12 col-md-12 col-sm-12 col-xs-12\">\n\t\t\t<div class=\"form-row last text-center\">\n\t\t\t\t<p><input class=\"wpcf7-form-control has-spinner wpcf7-submit text-center\" type=\"submit\" value=\"Get Offer\" \/>\n\t\t\t\t<\/p>\n\t\t\t<\/div>\n\t\t<\/div>\n\t<\/div>\n<\/div><div class=\"wpcf7-response-output\" aria-hidden=\"true\"><\/div><\/form><\/div><div class=\"clearfix\"><\/div><\/div><!-- rt-cf7 -->\r[\/vc_column_inner][\/vc_row_inner][\/vc_column][vc_column width=&#8221;5\/12&#8243; css=&#8221;.vc_custom_1558351631309{margin-top: 0px !important;margin-bottom: 0px !important;padding-top: 0px !important;padding-right: 30px !important;padding-bottom: 0px !important;padding-left: 30px !important;}&#8221;][vc_custom_heading font_container=&#8221;tag:h2|font_size:15px|text_align:left|color:%23ff1748|line_height:28px&#8221; custom_heading_select_font=&#8221;cfont&#8221; text=&#8221;Contact Information&#8221; custom_heading_custom_font=&#8221;Barlow&#8221; custom_heading_font_weight=&#8221;500&#8243; el_class=&#8221;letter-spacing-1&#8243; css=&#8221;.vc_custom_1673615756634{margin-top: -6px !important;margin-bottom: 0px !important;margin-left: 2px !important;padding-top: 0px !important;padding-bottom: 10px !important;}&#8221;][vc_row_inner css=&#8221;.vc_custom_1551682568762{margin-top: 0px !important;margin-bottom: 0px !important;padding-top: 10px !important;padding-bottom: 10px !important;}&#8221; el_class=&#8221;under-line&#8221;][vc_column_inner][vc_custom_heading font_container=&#8221;tag:h2|font_size:15px|text_align:left|color:%23ff1748|line_height:28px&#8221; custom_heading_select_font=&#8221;cfont&#8221; text=&#8221;Phone: +90 (533) 497 58 99&#8243; custom_heading_custom_font=&#8221;Barlow&#8221; custom_heading_font_weight=&#8221;500&#8243; el_class=&#8221;letter-spacing-1&#8243; css=&#8221;.vc_custom_1673867796131{margin-top: 0px !important;margin-bottom: 0px !important;padding-top: 0px !important;padding-bottom: 4px !important;}&#8221;][vc_custom_heading font_container=&#8221;tag:p|font_size:17px|text_align:left|color:%230c121f|line_height:26px&#8221; custom_heading_select_font=&#8221;cfont&#8221; text=&#8221;E-mail: info@yildiztez.com&#8221; custom_heading_custom_font=&#8221;Barlow&#8221; css=&#8221;.vc_custom_1673615827397{margin-top: 15px !important;margin-bottom: 0px !important;padding-top: 0px !important;padding-bottom: 25px !important;}&#8221;][\/vc_column_inner][\/vc_row_inner][vc_row_inner css=&#8221;.vc_custom_1551682588463{margin-top: 0px !important;margin-bottom: 0px !important;padding-top: 0px !important;padding-bottom: 10px !important;}&#8221; el_class=&#8221;under-line&#8221;][vc_column_inner][vc_custom_heading font_container=&#8221;tag:h2|font_size:15px|text_align:left|color:%23ff1748|line_height:28px&#8221; custom_heading_select_font=&#8221;cfont&#8221; text=&#8221;Social Media Accounts&#8221; custom_heading_custom_font=&#8221;Barlow&#8221; custom_heading_font_weight=&#8221;500&#8243; el_class=&#8221;letter-spacing-1&#8243; css=&#8221;.vc_custom_1673619328529{margin-top: 5px !important;margin-bottom: 10px !important;padding-top: 0px !important;padding-bottom: 4px !important;}&#8221;]<div class=\"radiantthemes-social-widget rt2413683772 element-three \" ><ul class=\"radiantthemes-social-widget-buttons\"><li class=\"google-plus\"><a href=\"#\" target=&quot;_blank&quot;><i class=\"fa fa-google-plus\"><\/i><\/a><\/li><li class=\"facebook\"><a href=\"#\"  target=&quot;_blank&quot;><i class=\"fa fa-facebook\"><\/i><\/a><\/li><li class=\"twitter\"><a href=\"#\"  target=&quot;_blank&quot;><i class=\"fa fa-twitter\"><\/i><\/a><\/li><li class=\"instagram\"><a href=\"https:\/\/l.facebook.com\/l.php?u=https%3A%2F%2Finstagram.com%2Fyildiztezz%3Figshid%3DYmMyMTA2M2Y%253D%26fbclid%3DIwAR1uWjsKoRjd-muDqCg__Y66DsXRqdN_9DLS31PcUwLVCJ98jx3Bta4bcp0&#038;h=AT0u0LGGrmf7H2GdN8vW3mvDOTDzrq5pk8IW9R-OIJk9va9YQASBLb11-0wc6KCNJPBJ_eQR5LHP2MI0vl0gAtJQny9aNdvhQyW2RrBNMehqBq1yksbMfLZkA64Hsxpe6rN7EA\"  target=&quot;_blank&quot;><i class=\"fa fa-instagram\"><\/i><\/a><\/li><\/ul><\/div>\r<!-- social -->\r[\/vc_column_inner][\/vc_row_inner][\/vc_column][\/vc_row][\/vc_section][vc_section full_width=&#8221;stretch_row&#8221; disable_element=&#8221;yes&#8221; css=&#8221;.vc_custom_1673615899248{margin-top: 0px !important;margin-bottom: 0px !important;padding-top: 0px !important;padding-bottom: 0px !important;}&#8221;][vc_row full_width=&#8221;stretch_row_content_no_spaces&#8221; css=&#8221;.vc_custom_1550637659868{margin-top: 0px !important;margin-bottom: 0px !important;padding-top: 0px !important;padding-bottom: 0px !important;}&#8221;][vc_column css=&#8221;.vc_custom_1550637586045{margin-top: 0px !important;margin-bottom: 0px !important;padding-top: 0px !important;padding-bottom: 0px !important;}&#8221;][vc_gmaps link=&#8221;#E-8_JTNDaWZyYW1lJTIwc3JjJTNEJTIyaHR0cHMlM0ElMkYlMkZ3d3cuZ29vZ2xlLmNvbSUyRm1hcHMlMkZlbWJlZCUzRnBiJTNEJTIxMW0xOCUyMTFtMTIlMjExbTMlMjExZDMxNTEuODQwMTA4MTgxNTk4JTIxMmQxNDQuOTUzNzM2MzE0OTU2NjclMjEzZC0zNy44MTcyMTM5Nzk3NTE2OSUyMTJtMyUyMTFmMCUyMTJmMCUyMTNmMCUyMTNtMiUyMTFpMTAyNCUyMTJpNzY4JTIxNGYxMy4xJTIxM20zJTIxMW0yJTIxMXMweDZhZDY1ZDRjMmIzNDk2NDklMjUzQTB4YjY4OTkyMzRlNTYxZGIxMSUyMTJzRW52YXRvJTIxNWUwJTIxM20yJTIxMXNlbiUyMTJzaW4lMjE0djE1MTk3MzExNDQyODUlMjIlMjB3aWR0aCUzRCUyMjYwMCUyMiUyMGhlaWdodCUzRCUyMjQ4MSUyMiUyMHN0eWxlJTNEJTIyYm9yZGVyJTNBMCUzQiUyMiUyMGFsbG93ZnVsbHNjcmVlbiUzRSUzQyUyRmlmcmFtZSUzRQ==&#8221; css=&#8221;.vc_custom_1559016172639{margin-top: 0px !important;margin-bottom: 0px !important;padding-top: 0px !important;padding-bottom: 0px !important;}&#8221;][\/vc_column][\/vc_row][\/vc_section]<\/p>\n<\/section>","protected":false},"excerpt":{"rendered":"<p>[vc_row full_width=&#8221;stretch_row&#8221; css=&#8221;.vc_custom_1558349511186{margin-top: 0px !important;margin-bottom: 0px !important;padding-top: 140px !important;padding-bottom: 100px !important;background-image: url(https:\/\/vio.radiantthemes.com\/wp-content\/uploads\/2019\/05\/contact-banner.jpg?id=8425) !important;background-position: center !important;background-repeat: no-repeat !important;background-size: cover !important;}&#8221; el_class=&#8221;background-position-center-top&#8221;][vc_column css=&#8221;.vc_custom_1558334049490{margin-top: 0px !important;margin-bottom: 0px !important;padding-top: 47px !important;padding-bottom: 0px !important;}&#8221;][vc_custom_heading font_container=&#8221;tag:h2|font_size:15px|text_align:center|color:%23ffffff|line_height:30px&#8221; custom_heading_select_font=&#8221;cfont&#8221; text=&#8221;Contact Us&#8221; custom_heading_custom_font=&#8221;Overpass Light&#8221; el_class=&#8221;text-uppercase letter-spacing-1&#8243; css=&#8221;.vc_custom_1673615704704{margin-top: 0px !important;margin-bottom: 0px !important;padding-top: 0px !important;padding-bottom: 15px !important;}&#8221;][vc_custom_heading font_container=&#8221;tag:h2|font_size:65px|text_align:center|color:%23ffffff|line_height:72px&#8221; custom_heading_select_font=&#8221;cfont&#8221; text=&#8221;Contact&#8221; custom_heading_custom_font=&#8221;Overpass Thin&#8221; custom_heading_font_weight=&#8221;300&#8243; css=&#8221;.vc_custom_1673615712099{margin-top: 0px !important;margin-bottom: [&hellip;]<\/p>\n","protected":false},"author":1,"featured_media":0,"parent":0,"menu_order":0,"comment_status":"closed","ping_status":"closed","template":"","meta":{"footnotes":""},"class_list":["post-10310","page","type-page","status-publish","hentry"],"yoast_head":"<!-- This site is optimized with the Yoast SEO plugin v19.14 - https:\/\/yoast.com\/wordpress\/plugins\/seo\/ -->\n<title>Contact - Y\u0131ld\u0131z Tez<\/title>\n<meta name=\"robots\" content=\"index, follow, max-snippet:-1, max-image-preview:large, max-video-preview:-1\" \/>\n<link rel=\"canonical\" href=\"https:\/\/www.yildiztez.com\/en\/contact\/\" \/>\n<meta property=\"og:locale\" content=\"en_US\" \/>\n<meta property=\"og:type\" content=\"article\" \/>\n<meta property=\"og:title\" content=\"Contact - Y\u0131ld\u0131z Tez\" \/>\n<meta property=\"og:description\" content=\"[vc_row full_width=&#8221;stretch_row&#8221; css=&#8221;.vc_custom_1558349511186{margin-top: 0px !important;margin-bottom: 0px !important;padding-top: 140px !important;padding-bottom: 100px !important;background-image: url(https:\/\/vio.radiantthemes.com\/wp-content\/uploads\/2019\/05\/contact-banner.jpg?id=8425) !important;background-position: center !important;background-repeat: no-repeat !important;background-size: cover !important;}&#8221; el_class=&#8221;background-position-center-top&#8221;][vc_column css=&#8221;.vc_custom_1558334049490{margin-top: 0px !important;margin-bottom: 0px !important;padding-top: 47px !important;padding-bottom: 0px !important;}&#8221;][vc_custom_heading font_container=&#8221;tag:h2|font_size:15px|text_align:center|color:%23ffffff|line_height:30px&#8221; custom_heading_select_font=&#8221;cfont&#8221; text=&#8221;Contact Us&#8221; custom_heading_custom_font=&#8221;Overpass Light&#8221; el_class=&#8221;text-uppercase letter-spacing-1&#8243; css=&#8221;.vc_custom_1673615704704{margin-top: 0px !important;margin-bottom: 0px !important;padding-top: 0px !important;padding-bottom: 15px !important;}&#8221;][vc_custom_heading font_container=&#8221;tag:h2|font_size:65px|text_align:center|color:%23ffffff|line_height:72px&#8221; custom_heading_select_font=&#8221;cfont&#8221; text=&#8221;Contact&#8221; custom_heading_custom_font=&#8221;Overpass Thin&#8221; custom_heading_font_weight=&#8221;300&#8243; css=&#8221;.vc_custom_1673615712099{margin-top: 0px !important;margin-bottom: [&hellip;]\" \/>\n<meta property=\"og:url\" content=\"https:\/\/www.yildiztez.com\/en\/contact\/\" \/>\n<meta property=\"og:site_name\" content=\"Y\u0131ld\u0131z Tez\" \/>\n<meta property=\"article:modified_time\" content=\"2023-01-26T07:29:29+00:00\" \/>\n<meta name=\"twitter:card\" content=\"summary_large_image\" \/>\n<meta name=\"twitter:label1\" content=\"Est. reading time\" \/>\n\t<meta name=\"twitter:data1\" content=\"3 minutes\" \/>\n<script type=\"application\/ld+json\" class=\"yoast-schema-graph\">{\"@context\":\"https:\/\/schema.org\",\"@graph\":[{\"@type\":\"WebPage\",\"@id\":\"https:\/\/www.yildiztez.com\/en\/contact\/\",\"url\":\"https:\/\/www.yildiztez.com\/en\/contact\/\",\"name\":\"Contact - Y\u0131ld\u0131z Tez\",\"isPartOf\":{\"@id\":\"https:\/\/www.yildiztez.com\/#website\"},\"datePublished\":\"2019-05-20T10:31:19+00:00\",\"dateModified\":\"2023-01-26T07:29:29+00:00\",\"breadcrumb\":{\"@id\":\"https:\/\/www.yildiztez.com\/en\/contact\/#breadcrumb\"},\"inLanguage\":\"en-US\",\"potentialAction\":[{\"@type\":\"ReadAction\",\"target\":[\"https:\/\/www.yildiztez.com\/en\/contact\/\"]}]},{\"@type\":\"BreadcrumbList\",\"@id\":\"https:\/\/www.yildiztez.com\/en\/contact\/#breadcrumb\",\"itemListElement\":[{\"@type\":\"ListItem\",\"position\":1,\"name\":\"Anasayfa\",\"item\":\"https:\/\/www.yildiztez.com\/en\/\"},{\"@type\":\"ListItem\",\"position\":2,\"name\":\"Contact\"}]},{\"@type\":\"WebSite\",\"@id\":\"https:\/\/www.yildiztez.com\/#website\",\"url\":\"https:\/\/www.yildiztez.com\/\",\"name\":\"Y\u0131ld\u0131z Tez\",\"description\":\"Y\u0131ld\u0131z Tez\",\"publisher\":{\"@id\":\"https:\/\/www.yildiztez.com\/#organization\"},\"potentialAction\":[{\"@type\":\"SearchAction\",\"target\":{\"@type\":\"EntryPoint\",\"urlTemplate\":\"https:\/\/www.yildiztez.com\/?s={search_term_string}\"},\"query-input\":\"required name=search_term_string\"}],\"inLanguage\":\"en-US\"},{\"@type\":\"Organization\",\"@id\":\"https:\/\/www.yildiztez.com\/#organization\",\"name\":\"Y\u0131ld\u0131z Tez\",\"url\":\"https:\/\/www.yildiztez.com\/\",\"logo\":{\"@type\":\"ImageObject\",\"inLanguage\":\"en-US\",\"@id\":\"https:\/\/www.yildiztez.com\/#\/schema\/logo\/image\/\",\"url\":\"https:\/\/www.yildiztez.com\/wp-content\/uploads\/2023\/01\/yildiz-tez-yeni-logo.png\",\"contentUrl\":\"https:\/\/www.yildiztez.com\/wp-content\/uploads\/2023\/01\/yildiz-tez-yeni-logo.png\",\"width\":720,\"height\":232,\"caption\":\"Y\u0131ld\u0131z Tez\"},\"image\":{\"@id\":\"https:\/\/www.yildiztez.com\/#\/schema\/logo\/image\/\"}}]}<\/script>\n<!-- \/ Yoast SEO plugin. -->","yoast_head_json":{"title":"Contact - Y\u0131ld\u0131z Tez","robots":{"index":"index","follow":"follow","max-snippet":"max-snippet:-1","max-image-preview":"max-image-preview:large","max-video-preview":"max-video-preview:-1"},"canonical":"https:\/\/www.yildiztez.com\/en\/contact\/","og_locale":"en_US","og_type":"article","og_title":"Contact - Y\u0131ld\u0131z Tez","og_description":"[vc_row full_width=&#8221;stretch_row&#8221; css=&#8221;.vc_custom_1558349511186{margin-top: 0px !important;margin-bottom: 0px !important;padding-top: 140px !important;padding-bottom: 100px !important;background-image: url(https:\/\/vio.radiantthemes.com\/wp-content\/uploads\/2019\/05\/contact-banner.jpg?id=8425) !important;background-position: center !important;background-repeat: no-repeat !important;background-size: cover !important;}&#8221; el_class=&#8221;background-position-center-top&#8221;][vc_column css=&#8221;.vc_custom_1558334049490{margin-top: 0px !important;margin-bottom: 0px !important;padding-top: 47px !important;padding-bottom: 0px !important;}&#8221;][vc_custom_heading font_container=&#8221;tag:h2|font_size:15px|text_align:center|color:%23ffffff|line_height:30px&#8221; custom_heading_select_font=&#8221;cfont&#8221; text=&#8221;Contact Us&#8221; custom_heading_custom_font=&#8221;Overpass Light&#8221; el_class=&#8221;text-uppercase letter-spacing-1&#8243; css=&#8221;.vc_custom_1673615704704{margin-top: 0px !important;margin-bottom: 0px !important;padding-top: 0px !important;padding-bottom: 15px !important;}&#8221;][vc_custom_heading font_container=&#8221;tag:h2|font_size:65px|text_align:center|color:%23ffffff|line_height:72px&#8221; custom_heading_select_font=&#8221;cfont&#8221; text=&#8221;Contact&#8221; custom_heading_custom_font=&#8221;Overpass Thin&#8221; custom_heading_font_weight=&#8221;300&#8243; css=&#8221;.vc_custom_1673615712099{margin-top: 0px !important;margin-bottom: [&hellip;]","og_url":"https:\/\/www.yildiztez.com\/en\/contact\/","og_site_name":"Y\u0131ld\u0131z Tez","article_modified_time":"2023-01-26T07:29:29+00:00","twitter_card":"summary_large_image","twitter_misc":{"Est. reading time":"3 minutes"},"schema":{"@context":"https:\/\/schema.org","@graph":[{"@type":"WebPage","@id":"https:\/\/www.yildiztez.com\/en\/contact\/","url":"https:\/\/www.yildiztez.com\/en\/contact\/","name":"Contact - Y\u0131ld\u0131z Tez","isPartOf":{"@id":"https:\/\/www.yildiztez.com\/#website"},"datePublished":"2019-05-20T10:31:19+00:00","dateModified":"2023-01-26T07:29:29+00:00","breadcrumb":{"@id":"https:\/\/www.yildiztez.com\/en\/contact\/#breadcrumb"},"inLanguage":"en-US","potentialAction":[{"@type":"ReadAction","target":["https:\/\/www.yildiztez.com\/en\/contact\/"]}]},{"@type":"BreadcrumbList","@id":"https:\/\/www.yildiztez.com\/en\/contact\/#breadcrumb","itemListElement":[{"@type":"ListItem","position":1,"name":"Anasayfa","item":"https:\/\/www.yildiztez.com\/en\/"},{"@type":"ListItem","position":2,"name":"Contact"}]},{"@type":"WebSite","@id":"https:\/\/www.yildiztez.com\/#website","url":"https:\/\/www.yildiztez.com\/","name":"Y\u0131ld\u0131z Tez","description":"Y\u0131ld\u0131z Tez","publisher":{"@id":"https:\/\/www.yildiztez.com\/#organization"},"potentialAction":[{"@type":"SearchAction","target":{"@type":"EntryPoint","urlTemplate":"https:\/\/www.yildiztez.com\/?s={search_term_string}"},"query-input":"required name=search_term_string"}],"inLanguage":"en-US"},{"@type":"Organization","@id":"https:\/\/www.yildiztez.com\/#organization","name":"Y\u0131ld\u0131z Tez","url":"https:\/\/www.yildiztez.com\/","logo":{"@type":"ImageObject","inLanguage":"en-US","@id":"https:\/\/www.yildiztez.com\/#\/schema\/logo\/image\/","url":"https:\/\/www.yildiztez.com\/wp-content\/uploads\/2023\/01\/yildiz-tez-yeni-logo.png","contentUrl":"https:\/\/www.yildiztez.com\/wp-content\/uploads\/2023\/01\/yildiz-tez-yeni-logo.png","width":720,"height":232,"caption":"Y\u0131ld\u0131z Tez"},"image":{"@id":"https:\/\/www.yildiztez.com\/#\/schema\/logo\/image\/"}}]}},"_links":{"self":[{"href":"https:\/\/www.yildiztez.com\/en\/wp-json\/wp\/v2\/pages\/10310","targetHints":{"allow":["GET"]}}],"collection":[{"href":"https:\/\/www.yildiztez.com\/en\/wp-json\/wp\/v2\/pages"}],"about":[{"href":"https:\/\/www.yildiztez.com\/en\/wp-json\/wp\/v2\/types\/page"}],"author":[{"embeddable":true,"href":"https:\/\/www.yildiztez.com\/en\/wp-json\/wp\/v2\/users\/1"}],"replies":[{"embeddable":true,"href":"https:\/\/www.yildiztez.com\/en\/wp-json\/wp\/v2\/comments?post=10310"}],"version-history":[{"count":2,"href":"https:\/\/www.yildiztez.com\/en\/wp-json\/wp\/v2\/pages\/10310\/revisions"}],"predecessor-version":[{"id":10327,"href":"https:\/\/www.yildiztez.com\/en\/wp-json\/wp\/v2\/pages\/10310\/revisions\/10327"}],"wp:attachment":[{"href":"https:\/\/www.yildiztez.com\/en\/wp-json\/wp\/v2\/media?parent=10310"}],"curies":[{"name":"wp","href":"https:\/\/api.w.org\/{rel}","templated":true}]}}