{"id":10311,"date":"2023-01-13T10:22:20","date_gmt":"2023-01-13T10:22:20","guid":{"rendered":"https:\/\/www.yildiztez.com\/english-translation\/"},"modified":"2023-01-26T08:34:09","modified_gmt":"2023-01-26T08:34:09","slug":"english-translation","status":"publish","type":"page","link":"https:\/\/www.yildiztez.com\/en\/english-translation\/","title":{"rendered":"English Translation"},"content":{"rendered":"<section class=\"wpb-content-wrapper\"><p>[vc_row][vc_column width=&#8221;2\/3&#8243;][vc_column_text]During thesis studies, especially the translation of English articles into Turkish is often very important for full access to information, and it may not be possible for many undergraduate, graduate or doctoral students to translate English articles written at the academic level by understanding the terms and providing subject integrity.<\/p>\n<p>The <strong>English-Turkish translation<\/strong> service we provide as Y\u0131ld\u0131z Thesis is carried out by our team of experts in the field of English-Turkish translation of academic English-Turkish studies and we ensure that you reach the translation text you need in a short time.<\/p>\n<p>The need for translation of academic writings will be met thanks to the<strong> translation service <\/strong>you will receive from us.<\/p>\n<h2><\/h2>\n<h2><img loading=\"lazy\" decoding=\"async\" class=\"wp-image-10268 aligncenter\" src=\"https:\/\/www.yildiztez.com\/wp-content\/uploads\/2023\/01\/326369984_889432568759289_6921010598330062671_n.jpg\" alt=\"\" width=\"381\" height=\"324\" srcset=\"https:\/\/www.yildiztez.com\/wp-content\/uploads\/2023\/01\/326369984_889432568759289_6921010598330062671_n.jpg 749w, https:\/\/www.yildiztez.com\/wp-content\/uploads\/2023\/01\/326369984_889432568759289_6921010598330062671_n-300x256.jpg 300w\" sizes=\"auto, (max-width: 381px) 100vw, 381px\" \/><\/h2>\n<h2>What is English Translation?<\/h2>\n<p>Translating a text in a different language into another language, i.e. translation, is a field that requires expertise, even though it is perceived as simple from the outside. For this reason, translation programs, especially on websites, do not provide the desired translation of academic writings and increase the need for <strong>English translation<\/strong> services in this process.<\/p>\n<p>Our company realizes translation services for you thanks to our teachers who are experienced in translation.<\/p>\n<p>When conducting academic studies, translation, especially over the internet or virtual programs, will yield inadequate and often invalid results, so you should definitely translate the English resources you have obtained while preparing and researching for the article by receiving <strong>English translation services<\/strong> from us.<\/p>\n<p>Thesis translation prices Thesis translation prices consist of general price policies and vary for all our customers. At this point, character length, subject matter and area of specialization are important as determining factors for prices. Y\u0131ld\u0131z Tez works specifically for each client and offers the best translation service within the scope of its work. As a company, we both attach importance to quality and adopt reasonable price policies.<\/p>\n<h2>Why is Academic Translation Important?<\/h2>\n<p>The main importance of academic translation is to take the translation one step further by preserving the specific terminology and subject integrity of the studies. In particular, English, which is widely used and one of the most common languages globally, is the language of publication for most academic articles. For this reason, especially during the writing of doctoral and master&#8217;s theses, it is necessary to make use not only of Turkish data but also of various data written in English during the source research in order to provide access to previously written academic level data. For this reason, thanks to our expert translators who provide academic translations, you can access English sources in the most accurate way in all master&#8217;s and doctoral theses and thus expand your sources.<\/p>\n<p>The academic background and experience of the translator in the field of interest of the translator is also very important in the translation service, and it is also important that the final check carried out by the editors is carried out correctly and completely.[\/vc_column_text][\/vc_column][vc_column width=&#8221;1\/3&#8243;][vc_custom_heading text=&#8221;Our Services&#8221; css=&#8221;.vc_custom_1673616703921{margin-top: 30px !important;margin-bottom: 30px !important;}&#8221;]<!-- radiantthemes-custom-menu --><div class=\"radiantthemes-custom-menu element-one rt385743518 sidebar-menu-hizmet\"    ><ul id=\"menu-hizmetler\" class=\"menu\" style=\"\"><li id=\"menu-item-9809\" class=\"menu-item menu-item-type-post_type menu-item-object-page menu-item-9809\"><a href=\"https:\/\/www.yildiztez.com\/tez-yazdirma\/\">Thesis Writing Consultancy<\/a><\/li>\n<li id=\"menu-item-9800\" class=\"menu-item menu-item-type-post_type menu-item-object-page menu-item-9800\"><a href=\"https:\/\/www.yildiztez.com\/donem-projeleri\/\">Term Projects<\/a><\/li>\n<li id=\"menu-item-9810\" class=\"menu-item menu-item-type-post_type menu-item-object-page menu-item-9810\"><a href=\"https:\/\/www.yildiztez.com\/uzmanlik-tezleri-hazirlama\/\">Preparation of Specialization Theses<\/a><\/li>\n<li id=\"menu-item-9860\" class=\"menu-item menu-item-type-post_type menu-item-object-page menu-item-9860\"><a href=\"https:\/\/www.yildiztez.com\/makaleler\/\">Articles<\/a><\/li>\n<li id=\"menu-item-9805\" class=\"menu-item menu-item-type-post_type menu-item-object-page menu-item-9805\"><a href=\"https:\/\/www.yildiztez.com\/odev-hazirlama\/\">Homework Preparation<\/a><\/li>\n<li id=\"menu-item-9808\" class=\"menu-item menu-item-type-post_type menu-item-object-page menu-item-9808\"><a href=\"https:\/\/www.yildiztez.com\/tez-sunumu-hazirlama\/\">Thesis Presentation Preparation<\/a><\/li>\n<li id=\"menu-item-9899\" class=\"menu-item menu-item-type-post_type menu-item-object-page menu-item-9899\"><a href=\"https:\/\/www.yildiztez.com\/formlar\/\">Forms<\/a><\/li>\n<li id=\"menu-item-9804\" class=\"menu-item menu-item-type-post_type menu-item-object-page menu-item-9804\"><a href=\"https:\/\/www.yildiztez.com\/nitel-nicel-analizleri\/\">Qualitative-Nicel Analyses<\/a><\/li>\n<li id=\"menu-item-9806\" class=\"menu-item menu-item-type-post_type menu-item-object-page menu-item-9806\"><a href=\"https:\/\/www.yildiztez.com\/spss-analizleri\/\">SPSS Analysis<\/a><\/li>\n<li id=\"menu-item-9801\" class=\"menu-item menu-item-type-post_type menu-item-object-page menu-item-9801\"><a href=\"https:\/\/www.yildiztez.com\/ingilizce-tercume\/\">English Translation<\/a><\/li>\n<li id=\"menu-item-9803\" class=\"menu-item menu-item-type-post_type menu-item-object-page menu-item-9803\"><a href=\"https:\/\/www.yildiztez.com\/latex-duzenlemeleri\/\">Latex Regulations<\/a><\/li>\n<li id=\"menu-item-9802\" class=\"menu-item menu-item-type-post_type menu-item-object-page menu-item-9802\"><a href=\"https:\/\/www.yildiztez.com\/intihal-orani-dusurme\/\">Reducing Plagiarism<\/a><\/li>\n<li id=\"menu-item-9799\" class=\"menu-item menu-item-type-post_type menu-item-object-page menu-item-9799\"><a href=\"https:\/\/www.yildiztez.com\/bebis-hesaplamalari\/\">BeBis Calculations<\/a><\/li>\n<\/ul><\/div>\r<!-- radiantthemes-custom-menu -->\r[\/vc_column][\/vc_row]<\/p>\n<\/section>","protected":false},"excerpt":{"rendered":"<p>[vc_row][vc_column width=&#8221;2\/3&#8243;][vc_column_text]During thesis studies, especially the translation of English articles into Turkish is often very important for full access to information, and it may not be possible for many undergraduate, graduate or doctoral students to translate English articles written at the academic level by understanding the terms and providing subject integrity. The English-Turkish translation service [&hellip;]<\/p>\n","protected":false},"author":1,"featured_media":0,"parent":0,"menu_order":0,"comment_status":"closed","ping_status":"closed","template":"","meta":{"footnotes":""},"class_list":["post-10311","page","type-page","status-publish","hentry"],"yoast_head":"<!-- This site is optimized with the Yoast SEO plugin v19.14 - https:\/\/yoast.com\/wordpress\/plugins\/seo\/ -->\n<title>English Translation - Y\u0131ld\u0131z Tez<\/title>\n<meta name=\"robots\" content=\"index, follow, max-snippet:-1, max-image-preview:large, max-video-preview:-1\" \/>\n<link rel=\"canonical\" href=\"https:\/\/www.yildiztez.com\/en\/english-translation\/\" \/>\n<meta property=\"og:locale\" content=\"en_US\" \/>\n<meta property=\"og:type\" content=\"article\" \/>\n<meta property=\"og:title\" content=\"English Translation - Y\u0131ld\u0131z Tez\" \/>\n<meta property=\"og:description\" content=\"[vc_row][vc_column width=&#8221;2\/3&#8243;][vc_column_text]During thesis studies, especially the translation of English articles into Turkish is often very important for full access to information, and it may not be possible for many undergraduate, graduate or doctoral students to translate English articles written at the academic level by understanding the terms and providing subject integrity. The English-Turkish translation service [&hellip;]\" \/>\n<meta property=\"og:url\" content=\"https:\/\/www.yildiztez.com\/en\/english-translation\/\" \/>\n<meta property=\"og:site_name\" content=\"Y\u0131ld\u0131z Tez\" \/>\n<meta property=\"article:modified_time\" content=\"2023-01-26T08:34:09+00:00\" \/>\n<meta property=\"og:image\" content=\"https:\/\/www.yildiztez.com\/wp-content\/uploads\/2023\/01\/326369984_889432568759289_6921010598330062671_n.jpg\" \/>\n<meta name=\"twitter:card\" content=\"summary_large_image\" \/>\n<meta name=\"twitter:label1\" content=\"Est. reading time\" \/>\n\t<meta name=\"twitter:data1\" content=\"4 minutes\" \/>\n<script type=\"application\/ld+json\" class=\"yoast-schema-graph\">{\"@context\":\"https:\/\/schema.org\",\"@graph\":[{\"@type\":\"WebPage\",\"@id\":\"https:\/\/www.yildiztez.com\/en\/english-translation\/\",\"url\":\"https:\/\/www.yildiztez.com\/en\/english-translation\/\",\"name\":\"English Translation - Y\u0131ld\u0131z Tez\",\"isPartOf\":{\"@id\":\"https:\/\/www.yildiztez.com\/#website\"},\"datePublished\":\"2023-01-13T10:22:20+00:00\",\"dateModified\":\"2023-01-26T08:34:09+00:00\",\"breadcrumb\":{\"@id\":\"https:\/\/www.yildiztez.com\/en\/english-translation\/#breadcrumb\"},\"inLanguage\":\"en-US\",\"potentialAction\":[{\"@type\":\"ReadAction\",\"target\":[\"https:\/\/www.yildiztez.com\/en\/english-translation\/\"]}]},{\"@type\":\"BreadcrumbList\",\"@id\":\"https:\/\/www.yildiztez.com\/en\/english-translation\/#breadcrumb\",\"itemListElement\":[{\"@type\":\"ListItem\",\"position\":1,\"name\":\"Anasayfa\",\"item\":\"https:\/\/www.yildiztez.com\/en\/\"},{\"@type\":\"ListItem\",\"position\":2,\"name\":\"English Translation\"}]},{\"@type\":\"WebSite\",\"@id\":\"https:\/\/www.yildiztez.com\/#website\",\"url\":\"https:\/\/www.yildiztez.com\/\",\"name\":\"Y\u0131ld\u0131z Tez\",\"description\":\"Y\u0131ld\u0131z Tez\",\"publisher\":{\"@id\":\"https:\/\/www.yildiztez.com\/#organization\"},\"potentialAction\":[{\"@type\":\"SearchAction\",\"target\":{\"@type\":\"EntryPoint\",\"urlTemplate\":\"https:\/\/www.yildiztez.com\/?s={search_term_string}\"},\"query-input\":\"required name=search_term_string\"}],\"inLanguage\":\"en-US\"},{\"@type\":\"Organization\",\"@id\":\"https:\/\/www.yildiztez.com\/#organization\",\"name\":\"Y\u0131ld\u0131z Tez\",\"url\":\"https:\/\/www.yildiztez.com\/\",\"logo\":{\"@type\":\"ImageObject\",\"inLanguage\":\"en-US\",\"@id\":\"https:\/\/www.yildiztez.com\/#\/schema\/logo\/image\/\",\"url\":\"https:\/\/www.yildiztez.com\/wp-content\/uploads\/2023\/01\/yildiz-tez-yeni-logo.png\",\"contentUrl\":\"https:\/\/www.yildiztez.com\/wp-content\/uploads\/2023\/01\/yildiz-tez-yeni-logo.png\",\"width\":720,\"height\":232,\"caption\":\"Y\u0131ld\u0131z Tez\"},\"image\":{\"@id\":\"https:\/\/www.yildiztez.com\/#\/schema\/logo\/image\/\"}}]}<\/script>\n<!-- \/ Yoast SEO plugin. -->","yoast_head_json":{"title":"English Translation - Y\u0131ld\u0131z Tez","robots":{"index":"index","follow":"follow","max-snippet":"max-snippet:-1","max-image-preview":"max-image-preview:large","max-video-preview":"max-video-preview:-1"},"canonical":"https:\/\/www.yildiztez.com\/en\/english-translation\/","og_locale":"en_US","og_type":"article","og_title":"English Translation - Y\u0131ld\u0131z Tez","og_description":"[vc_row][vc_column width=&#8221;2\/3&#8243;][vc_column_text]During thesis studies, especially the translation of English articles into Turkish is often very important for full access to information, and it may not be possible for many undergraduate, graduate or doctoral students to translate English articles written at the academic level by understanding the terms and providing subject integrity. The English-Turkish translation service [&hellip;]","og_url":"https:\/\/www.yildiztez.com\/en\/english-translation\/","og_site_name":"Y\u0131ld\u0131z Tez","article_modified_time":"2023-01-26T08:34:09+00:00","og_image":[{"url":"https:\/\/www.yildiztez.com\/wp-content\/uploads\/2023\/01\/326369984_889432568759289_6921010598330062671_n.jpg"}],"twitter_card":"summary_large_image","twitter_misc":{"Est. reading time":"4 minutes"},"schema":{"@context":"https:\/\/schema.org","@graph":[{"@type":"WebPage","@id":"https:\/\/www.yildiztez.com\/en\/english-translation\/","url":"https:\/\/www.yildiztez.com\/en\/english-translation\/","name":"English Translation - Y\u0131ld\u0131z Tez","isPartOf":{"@id":"https:\/\/www.yildiztez.com\/#website"},"datePublished":"2023-01-13T10:22:20+00:00","dateModified":"2023-01-26T08:34:09+00:00","breadcrumb":{"@id":"https:\/\/www.yildiztez.com\/en\/english-translation\/#breadcrumb"},"inLanguage":"en-US","potentialAction":[{"@type":"ReadAction","target":["https:\/\/www.yildiztez.com\/en\/english-translation\/"]}]},{"@type":"BreadcrumbList","@id":"https:\/\/www.yildiztez.com\/en\/english-translation\/#breadcrumb","itemListElement":[{"@type":"ListItem","position":1,"name":"Anasayfa","item":"https:\/\/www.yildiztez.com\/en\/"},{"@type":"ListItem","position":2,"name":"English Translation"}]},{"@type":"WebSite","@id":"https:\/\/www.yildiztez.com\/#website","url":"https:\/\/www.yildiztez.com\/","name":"Y\u0131ld\u0131z Tez","description":"Y\u0131ld\u0131z Tez","publisher":{"@id":"https:\/\/www.yildiztez.com\/#organization"},"potentialAction":[{"@type":"SearchAction","target":{"@type":"EntryPoint","urlTemplate":"https:\/\/www.yildiztez.com\/?s={search_term_string}"},"query-input":"required name=search_term_string"}],"inLanguage":"en-US"},{"@type":"Organization","@id":"https:\/\/www.yildiztez.com\/#organization","name":"Y\u0131ld\u0131z Tez","url":"https:\/\/www.yildiztez.com\/","logo":{"@type":"ImageObject","inLanguage":"en-US","@id":"https:\/\/www.yildiztez.com\/#\/schema\/logo\/image\/","url":"https:\/\/www.yildiztez.com\/wp-content\/uploads\/2023\/01\/yildiz-tez-yeni-logo.png","contentUrl":"https:\/\/www.yildiztez.com\/wp-content\/uploads\/2023\/01\/yildiz-tez-yeni-logo.png","width":720,"height":232,"caption":"Y\u0131ld\u0131z Tez"},"image":{"@id":"https:\/\/www.yildiztez.com\/#\/schema\/logo\/image\/"}}]}},"_links":{"self":[{"href":"https:\/\/www.yildiztez.com\/en\/wp-json\/wp\/v2\/pages\/10311","targetHints":{"allow":["GET"]}}],"collection":[{"href":"https:\/\/www.yildiztez.com\/en\/wp-json\/wp\/v2\/pages"}],"about":[{"href":"https:\/\/www.yildiztez.com\/en\/wp-json\/wp\/v2\/types\/page"}],"author":[{"embeddable":true,"href":"https:\/\/www.yildiztez.com\/en\/wp-json\/wp\/v2\/users\/1"}],"replies":[{"embeddable":true,"href":"https:\/\/www.yildiztez.com\/en\/wp-json\/wp\/v2\/comments?post=10311"}],"version-history":[{"count":1,"href":"https:\/\/www.yildiztez.com\/en\/wp-json\/wp\/v2\/pages\/10311\/revisions"}],"predecessor-version":[{"id":10355,"href":"https:\/\/www.yildiztez.com\/en\/wp-json\/wp\/v2\/pages\/10311\/revisions\/10355"}],"wp:attachment":[{"href":"https:\/\/www.yildiztez.com\/en\/wp-json\/wp\/v2\/media?parent=10311"}],"curies":[{"name":"wp","href":"https:\/\/api.w.org\/{rel}","templated":true}]}}