{"id":10312,"date":"2023-01-13T10:27:07","date_gmt":"2023-01-13T10:27:07","guid":{"rendered":"https:\/\/www.yildiztez.com\/reducing-plagiarism\/"},"modified":"2023-01-26T08:36:01","modified_gmt":"2023-01-26T08:36:01","slug":"reducing-plagiarism","status":"publish","type":"page","link":"https:\/\/www.yildiztez.com\/en\/reducing-plagiarism\/","title":{"rendered":"Reducing Plagiarism"},"content":{"rendered":"<section class=\"wpb-content-wrapper\"><p>[vc_row][vc_column width=&#8221;2\/3&#8243;][vc_column_text]If the rate of plagiarism in academic studies is higher than the specified measure, the articles are considered unsuccessful. For this reason, thanks to the <strong>plagiarism rate reduction<\/strong> consultancy service we provide, we ensure that the rate is between 15-30% in articles or thesis.<\/p>\n<p>For academic studies, a 20% plagiarism rate is generally acceptable and papers with more than this rate are considered unsuccessful. Citation is a process that requires experience and our company provides you with consultancy services in adjusting plagiarism rates.<\/p>\n<h2><\/h2>\n<h2><img loading=\"lazy\" decoding=\"async\" class=\"wp-image-10278 aligncenter\" src=\"https:\/\/www.yildiztez.com\/wp-content\/uploads\/2023\/01\/1000_F_274376116_HrntdIj1TmwmB6xUHzbdbTIRN32Iujn1-1.jpg\" alt=\"\" width=\"476\" height=\"347\" srcset=\"https:\/\/www.yildiztez.com\/wp-content\/uploads\/2023\/01\/1000_F_274376116_HrntdIj1TmwmB6xUHzbdbTIRN32Iujn1-1.jpg 905w, https:\/\/www.yildiztez.com\/wp-content\/uploads\/2023\/01\/1000_F_274376116_HrntdIj1TmwmB6xUHzbdbTIRN32Iujn1-1-300x218.jpg 300w, https:\/\/www.yildiztez.com\/wp-content\/uploads\/2023\/01\/1000_F_274376116_HrntdIj1TmwmB6xUHzbdbTIRN32Iujn1-1-768x559.jpg 768w\" sizes=\"auto, (max-width: 476px) 100vw, 476px\" \/><\/h2>\n<h2>How to Reduce Similarity Ratio?<\/h2>\n<p>Generally, the factors that cause the plagiarism rate to be high are the addition of someone else&#8217;s thoughts or sentences into the article without any changes and usually this is done by copy and paste method. Taking someone else&#8217;s thoughts or writings verbatim is considered a crime and constitutes the main factor that causes the plagiarism rate to be high. This behavior is also against academic ethics. At this point, it is not enough just to cite, but the information should be conveyed in your own words. If the plagiarism rate of the studies you have prepared in this process is higher than the requested rate, our company provides you with consultancy services about plagiarism reduction. Thanks to our service, it is possible to get a more original text.<\/p>\n<h2><img loading=\"lazy\" decoding=\"async\" class=\"wp-image-10280 aligncenter\" src=\"https:\/\/www.yildiztez.com\/wp-content\/uploads\/2023\/01\/plagiarism-concept-with-thief-stealing-ideas_23-2148401310.webp\" alt=\"\" width=\"354\" height=\"354\" srcset=\"https:\/\/www.yildiztez.com\/wp-content\/uploads\/2023\/01\/plagiarism-concept-with-thief-stealing-ideas_23-2148401310.webp 740w, https:\/\/www.yildiztez.com\/wp-content\/uploads\/2023\/01\/plagiarism-concept-with-thief-stealing-ideas_23-2148401310-300x300.webp 300w, https:\/\/www.yildiztez.com\/wp-content\/uploads\/2023\/01\/plagiarism-concept-with-thief-stealing-ideas_23-2148401310-150x150.webp 150w\" sizes=\"auto, (max-width: 354px) 100vw, 354px\" \/><\/h2>\n<h2>What Does 100% Unique in Plagiarism Mean?<\/h2>\n<p>The fact that the results obtained from plagiarism programs are 100% unique means that the academic work written or performed by the person shows that it consists of completely original and personal sentences, and generally the most demanded similarity rate in academic studies is that there is no similarity at all.<\/p>\n<p>However, some universities take the initiative and set the similarity rate at 20%, and the less they use this rate in this process, the more successful their work is considered. Therefore, it is extremely important for academic studies that the similarity rate is as low as possible.<\/p>\n<p>At this point, you can make a more successful thesis presentation and get a better grade by reducing the plagiarism rate on the article or thesis you have written. We help you reduce your plagiarism rate in this service area we provide.<\/p>\n<p>At this point, since it is important that all the works to be delivered especially in the academic field are unique in order to benefit the academic literature, you should take care to deliver your work uniquely.[\/vc_column_text][\/vc_column][vc_column width=&#8221;1\/3&#8243;][vc_custom_heading text=&#8221;Our Services&#8221; css=&#8221;.vc_custom_1673616703921{margin-top: 30px !important;margin-bottom: 30px !important;}&#8221;]<!-- radiantthemes-custom-menu --><div class=\"radiantthemes-custom-menu element-one rt1750839516 sidebar-menu-hizmet\"    ><ul id=\"menu-hizmetler\" class=\"menu\" style=\"\"><li id=\"menu-item-9809\" class=\"menu-item menu-item-type-post_type menu-item-object-page menu-item-9809\"><a href=\"https:\/\/www.yildiztez.com\/tez-yazdirma\/\">Thesis Writing Consultancy<\/a><\/li>\n<li id=\"menu-item-9800\" class=\"menu-item menu-item-type-post_type menu-item-object-page menu-item-9800\"><a href=\"https:\/\/www.yildiztez.com\/donem-projeleri\/\">Term Projects<\/a><\/li>\n<li id=\"menu-item-9810\" class=\"menu-item menu-item-type-post_type menu-item-object-page menu-item-9810\"><a href=\"https:\/\/www.yildiztez.com\/uzmanlik-tezleri-hazirlama\/\">Preparation of Specialization Theses<\/a><\/li>\n<li id=\"menu-item-9860\" class=\"menu-item menu-item-type-post_type menu-item-object-page menu-item-9860\"><a href=\"https:\/\/www.yildiztez.com\/makaleler\/\">Articles<\/a><\/li>\n<li id=\"menu-item-9805\" class=\"menu-item menu-item-type-post_type menu-item-object-page menu-item-9805\"><a href=\"https:\/\/www.yildiztez.com\/odev-hazirlama\/\">Homework Preparation<\/a><\/li>\n<li id=\"menu-item-9808\" class=\"menu-item menu-item-type-post_type menu-item-object-page menu-item-9808\"><a href=\"https:\/\/www.yildiztez.com\/tez-sunumu-hazirlama\/\">Thesis Presentation Preparation<\/a><\/li>\n<li id=\"menu-item-9899\" class=\"menu-item menu-item-type-post_type menu-item-object-page menu-item-9899\"><a href=\"https:\/\/www.yildiztez.com\/formlar\/\">Forms<\/a><\/li>\n<li id=\"menu-item-9804\" class=\"menu-item menu-item-type-post_type menu-item-object-page menu-item-9804\"><a href=\"https:\/\/www.yildiztez.com\/nitel-nicel-analizleri\/\">Qualitative-Nicel Analyses<\/a><\/li>\n<li id=\"menu-item-9806\" class=\"menu-item menu-item-type-post_type menu-item-object-page menu-item-9806\"><a href=\"https:\/\/www.yildiztez.com\/spss-analizleri\/\">SPSS Analysis<\/a><\/li>\n<li id=\"menu-item-9801\" class=\"menu-item menu-item-type-post_type menu-item-object-page menu-item-9801\"><a href=\"https:\/\/www.yildiztez.com\/ingilizce-tercume\/\">English Translation<\/a><\/li>\n<li id=\"menu-item-9803\" class=\"menu-item menu-item-type-post_type menu-item-object-page menu-item-9803\"><a href=\"https:\/\/www.yildiztez.com\/latex-duzenlemeleri\/\">Latex Regulations<\/a><\/li>\n<li id=\"menu-item-9802\" class=\"menu-item menu-item-type-post_type menu-item-object-page menu-item-9802\"><a href=\"https:\/\/www.yildiztez.com\/intihal-orani-dusurme\/\">Reducing Plagiarism<\/a><\/li>\n<li id=\"menu-item-9799\" class=\"menu-item menu-item-type-post_type menu-item-object-page menu-item-9799\"><a href=\"https:\/\/www.yildiztez.com\/bebis-hesaplamalari\/\">BeBis Calculations<\/a><\/li>\n<\/ul><\/div>\r<!-- radiantthemes-custom-menu -->\r[\/vc_column][\/vc_row]<\/p>\n<\/section>","protected":false},"excerpt":{"rendered":"<p>[vc_row][vc_column width=&#8221;2\/3&#8243;][vc_column_text]If the rate of plagiarism in academic studies is higher than the specified measure, the articles are considered unsuccessful. For this reason, thanks to the plagiarism rate reduction consultancy service we provide, we ensure that the rate is between 15-30% in articles or thesis. For academic studies, a 20% plagiarism rate is generally acceptable [&hellip;]<\/p>\n","protected":false},"author":1,"featured_media":0,"parent":0,"menu_order":0,"comment_status":"closed","ping_status":"closed","template":"","meta":{"footnotes":""},"class_list":["post-10312","page","type-page","status-publish","hentry"],"yoast_head":"<!-- This site is optimized with the Yoast SEO plugin v19.14 - https:\/\/yoast.com\/wordpress\/plugins\/seo\/ -->\n<title>Reducing Plagiarism - Y\u0131ld\u0131z Tez<\/title>\n<meta name=\"robots\" content=\"index, follow, max-snippet:-1, max-image-preview:large, max-video-preview:-1\" \/>\n<link rel=\"canonical\" href=\"https:\/\/www.yildiztez.com\/en\/reducing-plagiarism\/\" \/>\n<meta property=\"og:locale\" content=\"en_US\" \/>\n<meta property=\"og:type\" content=\"article\" \/>\n<meta property=\"og:title\" content=\"Reducing Plagiarism - Y\u0131ld\u0131z Tez\" \/>\n<meta property=\"og:description\" content=\"[vc_row][vc_column width=&#8221;2\/3&#8243;][vc_column_text]If the rate of plagiarism in academic studies is higher than the specified measure, the articles are considered unsuccessful. For this reason, thanks to the plagiarism rate reduction consultancy service we provide, we ensure that the rate is between 15-30% in articles or thesis. For academic studies, a 20% plagiarism rate is generally acceptable [&hellip;]\" \/>\n<meta property=\"og:url\" content=\"https:\/\/www.yildiztez.com\/en\/reducing-plagiarism\/\" \/>\n<meta property=\"og:site_name\" content=\"Y\u0131ld\u0131z Tez\" \/>\n<meta property=\"article:modified_time\" content=\"2023-01-26T08:36:01+00:00\" \/>\n<meta property=\"og:image\" content=\"https:\/\/www.yildiztez.com\/wp-content\/uploads\/2023\/01\/1000_F_274376116_HrntdIj1TmwmB6xUHzbdbTIRN32Iujn1-1.jpg\" \/>\n<meta name=\"twitter:card\" content=\"summary_large_image\" \/>\n<meta name=\"twitter:label1\" content=\"Est. reading time\" \/>\n\t<meta name=\"twitter:data1\" content=\"3 minutes\" \/>\n<script type=\"application\/ld+json\" class=\"yoast-schema-graph\">{\"@context\":\"https:\/\/schema.org\",\"@graph\":[{\"@type\":\"WebPage\",\"@id\":\"https:\/\/www.yildiztez.com\/en\/reducing-plagiarism\/\",\"url\":\"https:\/\/www.yildiztez.com\/en\/reducing-plagiarism\/\",\"name\":\"Reducing Plagiarism - Y\u0131ld\u0131z Tez\",\"isPartOf\":{\"@id\":\"https:\/\/www.yildiztez.com\/#website\"},\"datePublished\":\"2023-01-13T10:27:07+00:00\",\"dateModified\":\"2023-01-26T08:36:01+00:00\",\"breadcrumb\":{\"@id\":\"https:\/\/www.yildiztez.com\/en\/reducing-plagiarism\/#breadcrumb\"},\"inLanguage\":\"en-US\",\"potentialAction\":[{\"@type\":\"ReadAction\",\"target\":[\"https:\/\/www.yildiztez.com\/en\/reducing-plagiarism\/\"]}]},{\"@type\":\"BreadcrumbList\",\"@id\":\"https:\/\/www.yildiztez.com\/en\/reducing-plagiarism\/#breadcrumb\",\"itemListElement\":[{\"@type\":\"ListItem\",\"position\":1,\"name\":\"Anasayfa\",\"item\":\"https:\/\/www.yildiztez.com\/en\/\"},{\"@type\":\"ListItem\",\"position\":2,\"name\":\"Reducing Plagiarism\"}]},{\"@type\":\"WebSite\",\"@id\":\"https:\/\/www.yildiztez.com\/#website\",\"url\":\"https:\/\/www.yildiztez.com\/\",\"name\":\"Y\u0131ld\u0131z Tez\",\"description\":\"Y\u0131ld\u0131z Tez\",\"publisher\":{\"@id\":\"https:\/\/www.yildiztez.com\/#organization\"},\"potentialAction\":[{\"@type\":\"SearchAction\",\"target\":{\"@type\":\"EntryPoint\",\"urlTemplate\":\"https:\/\/www.yildiztez.com\/?s={search_term_string}\"},\"query-input\":\"required name=search_term_string\"}],\"inLanguage\":\"en-US\"},{\"@type\":\"Organization\",\"@id\":\"https:\/\/www.yildiztez.com\/#organization\",\"name\":\"Y\u0131ld\u0131z Tez\",\"url\":\"https:\/\/www.yildiztez.com\/\",\"logo\":{\"@type\":\"ImageObject\",\"inLanguage\":\"en-US\",\"@id\":\"https:\/\/www.yildiztez.com\/#\/schema\/logo\/image\/\",\"url\":\"https:\/\/www.yildiztez.com\/wp-content\/uploads\/2023\/01\/yildiz-tez-yeni-logo.png\",\"contentUrl\":\"https:\/\/www.yildiztez.com\/wp-content\/uploads\/2023\/01\/yildiz-tez-yeni-logo.png\",\"width\":720,\"height\":232,\"caption\":\"Y\u0131ld\u0131z Tez\"},\"image\":{\"@id\":\"https:\/\/www.yildiztez.com\/#\/schema\/logo\/image\/\"}}]}<\/script>\n<!-- \/ Yoast SEO plugin. -->","yoast_head_json":{"title":"Reducing Plagiarism - Y\u0131ld\u0131z Tez","robots":{"index":"index","follow":"follow","max-snippet":"max-snippet:-1","max-image-preview":"max-image-preview:large","max-video-preview":"max-video-preview:-1"},"canonical":"https:\/\/www.yildiztez.com\/en\/reducing-plagiarism\/","og_locale":"en_US","og_type":"article","og_title":"Reducing Plagiarism - Y\u0131ld\u0131z Tez","og_description":"[vc_row][vc_column width=&#8221;2\/3&#8243;][vc_column_text]If the rate of plagiarism in academic studies is higher than the specified measure, the articles are considered unsuccessful. For this reason, thanks to the plagiarism rate reduction consultancy service we provide, we ensure that the rate is between 15-30% in articles or thesis. For academic studies, a 20% plagiarism rate is generally acceptable [&hellip;]","og_url":"https:\/\/www.yildiztez.com\/en\/reducing-plagiarism\/","og_site_name":"Y\u0131ld\u0131z Tez","article_modified_time":"2023-01-26T08:36:01+00:00","og_image":[{"url":"https:\/\/www.yildiztez.com\/wp-content\/uploads\/2023\/01\/1000_F_274376116_HrntdIj1TmwmB6xUHzbdbTIRN32Iujn1-1.jpg"}],"twitter_card":"summary_large_image","twitter_misc":{"Est. reading time":"3 minutes"},"schema":{"@context":"https:\/\/schema.org","@graph":[{"@type":"WebPage","@id":"https:\/\/www.yildiztez.com\/en\/reducing-plagiarism\/","url":"https:\/\/www.yildiztez.com\/en\/reducing-plagiarism\/","name":"Reducing Plagiarism - Y\u0131ld\u0131z Tez","isPartOf":{"@id":"https:\/\/www.yildiztez.com\/#website"},"datePublished":"2023-01-13T10:27:07+00:00","dateModified":"2023-01-26T08:36:01+00:00","breadcrumb":{"@id":"https:\/\/www.yildiztez.com\/en\/reducing-plagiarism\/#breadcrumb"},"inLanguage":"en-US","potentialAction":[{"@type":"ReadAction","target":["https:\/\/www.yildiztez.com\/en\/reducing-plagiarism\/"]}]},{"@type":"BreadcrumbList","@id":"https:\/\/www.yildiztez.com\/en\/reducing-plagiarism\/#breadcrumb","itemListElement":[{"@type":"ListItem","position":1,"name":"Anasayfa","item":"https:\/\/www.yildiztez.com\/en\/"},{"@type":"ListItem","position":2,"name":"Reducing Plagiarism"}]},{"@type":"WebSite","@id":"https:\/\/www.yildiztez.com\/#website","url":"https:\/\/www.yildiztez.com\/","name":"Y\u0131ld\u0131z Tez","description":"Y\u0131ld\u0131z Tez","publisher":{"@id":"https:\/\/www.yildiztez.com\/#organization"},"potentialAction":[{"@type":"SearchAction","target":{"@type":"EntryPoint","urlTemplate":"https:\/\/www.yildiztez.com\/?s={search_term_string}"},"query-input":"required name=search_term_string"}],"inLanguage":"en-US"},{"@type":"Organization","@id":"https:\/\/www.yildiztez.com\/#organization","name":"Y\u0131ld\u0131z Tez","url":"https:\/\/www.yildiztez.com\/","logo":{"@type":"ImageObject","inLanguage":"en-US","@id":"https:\/\/www.yildiztez.com\/#\/schema\/logo\/image\/","url":"https:\/\/www.yildiztez.com\/wp-content\/uploads\/2023\/01\/yildiz-tez-yeni-logo.png","contentUrl":"https:\/\/www.yildiztez.com\/wp-content\/uploads\/2023\/01\/yildiz-tez-yeni-logo.png","width":720,"height":232,"caption":"Y\u0131ld\u0131z Tez"},"image":{"@id":"https:\/\/www.yildiztez.com\/#\/schema\/logo\/image\/"}}]}},"_links":{"self":[{"href":"https:\/\/www.yildiztez.com\/en\/wp-json\/wp\/v2\/pages\/10312","targetHints":{"allow":["GET"]}}],"collection":[{"href":"https:\/\/www.yildiztez.com\/en\/wp-json\/wp\/v2\/pages"}],"about":[{"href":"https:\/\/www.yildiztez.com\/en\/wp-json\/wp\/v2\/types\/page"}],"author":[{"embeddable":true,"href":"https:\/\/www.yildiztez.com\/en\/wp-json\/wp\/v2\/users\/1"}],"replies":[{"embeddable":true,"href":"https:\/\/www.yildiztez.com\/en\/wp-json\/wp\/v2\/comments?post=10312"}],"version-history":[{"count":1,"href":"https:\/\/www.yildiztez.com\/en\/wp-json\/wp\/v2\/pages\/10312\/revisions"}],"predecessor-version":[{"id":10357,"href":"https:\/\/www.yildiztez.com\/en\/wp-json\/wp\/v2\/pages\/10312\/revisions\/10357"}],"wp:attachment":[{"href":"https:\/\/www.yildiztez.com\/en\/wp-json\/wp\/v2\/media?parent=10312"}],"curies":[{"name":"wp","href":"https:\/\/api.w.org\/{rel}","templated":true}]}}