{"id":10314,"date":"2023-01-16T08:00:51","date_gmt":"2023-01-16T08:00:51","guid":{"rendered":"https:\/\/www.yildiztez.com\/articles\/"},"modified":"2023-01-16T08:00:51","modified_gmt":"2023-01-16T08:00:51","slug":"articles","status":"publish","type":"page","link":"https:\/\/www.yildiztez.com\/en\/articles\/","title":{"rendered":"Articles"},"content":{"rendered":"<section class=\"wpb-content-wrapper\"><p>[vc_row][vc_column width=&#8221;2\/3&#8243;][vc_column_text]<strong>Articles<\/strong> are scientific studies that associate, bachelor&#8217;s, bachelor&#8217;s, non-thesis master&#8217;s, master&#8217;s and doctoral students must put forward. With the articles, especially in the light of the information obtained, new information and different results are included in the field literature and branches are enabled to develop. For this reason, both undergraduate and graduate students are regularly required to write articles in order to specialize and may be a condition for the completion of their education.<\/p>\n<p>Various factors such as the theoretical courses, exams or work life that students have to carry out in their educational process can negatively affect the process of essay writing and in some cases students may experience deficiencies. The essay writing service, which is demanded in all branches, can often be hampered by various problems such as students not having a full command of the field or not having full access to the sources in the literature. In addition, such problems can lead to articles not reflecting the reality or not being written in the desired format.<\/p>\n<p>There are academic articles that you can access on the internet, and although it is possible to take them as an example, it is a completely different process to create an original article by taking information from these articles.<\/p>\n<p>Most of the time, especially for associate or undergraduate students, it is not possible for them to calculate the plagiarism rate because they have not done any work on writing original texts without citation before. This often leads to failure in the course or to people having to go through the process of writing an article again. In order to avoid this situation, it is possible for people who do not have enough knowledge in the field, who do not have enough time or who do not have knowledge about article writing to eliminate all these problems thanks to the article writing consultancy service they will receive from us, and at the same time, it also ensures that the works are made ready in the desired format.<\/p>\n<p><strong><img loading=\"lazy\" decoding=\"async\" class=\"wp-image-10295 aligncenter\" src=\"https:\/\/www.yildiztez.com\/wp-content\/uploads\/2023\/01\/326181240_1114038655927638_6494041733586115455_n.jpg\" alt=\"\" width=\"392\" height=\"697\" srcset=\"https:\/\/www.yildiztez.com\/wp-content\/uploads\/2023\/01\/326181240_1114038655927638_6494041733586115455_n.jpg 750w, https:\/\/www.yildiztez.com\/wp-content\/uploads\/2023\/01\/326181240_1114038655927638_6494041733586115455_n-169x300.jpg 169w, https:\/\/www.yildiztez.com\/wp-content\/uploads\/2023\/01\/326181240_1114038655927638_6494041733586115455_n-576x1024.jpg 576w\" sizes=\"auto, (max-width: 392px) 100vw, 392px\" \/><\/strong><\/p>\n<p>Consultancy is provided at all levels and branches by our team of experts in my field for the preparation of the articles requested through our company, which provides <strong>article writing consultancy<\/strong> services.<\/p>\n<p>Although the articles that you can access through <strong>Google Scholar and various sites <\/strong>allow you to have an idea, having knowledge in the field and being able to be at a level to write articles reflects a process that seems quite simple but is challenging when looking at its content. For this reason, you can get consultancy services from us for <strong>your scientific articles <\/strong>and thus produce more successful articles.<\/p>\n<h2>English Article Printing<\/h2>\n<p>We provide <strong>English article writing consultancy<\/strong> services not only in Turkish but also for international studies, and we provide services for all branches with our expert staff who have the level of English needed for article writing in this field and who also have knowledge of the field in which the article will be written.<\/p>\n<p>Writing articles in English is usually a requirement for master&#8217;s and doctoral students, and in studies aimed to be published in the international literature, it can often become a problem because students do not have sufficient English proficiency.<\/p>\n<p>At this point, with the <strong>article writing consultancy<\/strong> service, the highest quality and most successful article writing service is provided to all our customers and we ensure that they deliver both English and Turkish articles within the requested period.<\/p>\n<p>As Y\u0131ld\u0131z thesis, we prioritize customer satisfaction within the scope of all the services we provide, and thanks to our experienced team, we undertake the consultancy of all the articles at all levels needed at an affordable price within the requested period.<\/p>\n<p>Especially when writing articles at academic level, plagiarism should not be done, and in this process, we contribute to the addition of new sources to the academic literature by ensuring that completely original texts are put forward. Since writing essays at academic level is usually a very laborious process, many people benefit from this service we provide as Y\u0131ld\u0131z Thesis and are satisfied with it.[\/vc_column_text][\/vc_column][vc_column width=&#8221;1\/3&#8243;][vc_custom_heading text=&#8221;Our Services&#8221; css=&#8221;.vc_custom_1673616703921{margin-top: 30px !important;margin-bottom: 30px !important;}&#8221;]<!-- radiantthemes-custom-menu --><div class=\"radiantthemes-custom-menu element-one rt141523889 sidebar-menu-hizmet\"    ><ul id=\"menu-hizmetler\" class=\"menu\" style=\"\"><li id=\"menu-item-9809\" class=\"menu-item menu-item-type-post_type menu-item-object-page menu-item-9809\"><a href=\"https:\/\/www.yildiztez.com\/tez-yazdirma\/\">Thesis Writing Consultancy<\/a><\/li>\n<li id=\"menu-item-9800\" class=\"menu-item menu-item-type-post_type menu-item-object-page menu-item-9800\"><a href=\"https:\/\/www.yildiztez.com\/donem-projeleri\/\">Term Projects<\/a><\/li>\n<li id=\"menu-item-9810\" class=\"menu-item menu-item-type-post_type menu-item-object-page menu-item-9810\"><a href=\"https:\/\/www.yildiztez.com\/uzmanlik-tezleri-hazirlama\/\">Preparation of Specialization Theses<\/a><\/li>\n<li id=\"menu-item-9860\" class=\"menu-item menu-item-type-post_type menu-item-object-page menu-item-9860\"><a href=\"https:\/\/www.yildiztez.com\/makaleler\/\">Articles<\/a><\/li>\n<li id=\"menu-item-9805\" class=\"menu-item menu-item-type-post_type menu-item-object-page menu-item-9805\"><a href=\"https:\/\/www.yildiztez.com\/odev-hazirlama\/\">Homework Preparation<\/a><\/li>\n<li id=\"menu-item-9808\" class=\"menu-item menu-item-type-post_type menu-item-object-page menu-item-9808\"><a href=\"https:\/\/www.yildiztez.com\/tez-sunumu-hazirlama\/\">Thesis Presentation Preparation<\/a><\/li>\n<li id=\"menu-item-9899\" class=\"menu-item menu-item-type-post_type menu-item-object-page menu-item-9899\"><a href=\"https:\/\/www.yildiztez.com\/formlar\/\">Forms<\/a><\/li>\n<li id=\"menu-item-9804\" class=\"menu-item menu-item-type-post_type menu-item-object-page menu-item-9804\"><a href=\"https:\/\/www.yildiztez.com\/nitel-nicel-analizleri\/\">Qualitative-Nicel Analyses<\/a><\/li>\n<li id=\"menu-item-9806\" class=\"menu-item menu-item-type-post_type menu-item-object-page menu-item-9806\"><a href=\"https:\/\/www.yildiztez.com\/spss-analizleri\/\">SPSS Analysis<\/a><\/li>\n<li id=\"menu-item-9801\" class=\"menu-item menu-item-type-post_type menu-item-object-page menu-item-9801\"><a href=\"https:\/\/www.yildiztez.com\/ingilizce-tercume\/\">English Translation<\/a><\/li>\n<li id=\"menu-item-9803\" class=\"menu-item menu-item-type-post_type menu-item-object-page menu-item-9803\"><a href=\"https:\/\/www.yildiztez.com\/latex-duzenlemeleri\/\">Latex Regulations<\/a><\/li>\n<li id=\"menu-item-9802\" class=\"menu-item menu-item-type-post_type menu-item-object-page menu-item-9802\"><a href=\"https:\/\/www.yildiztez.com\/intihal-orani-dusurme\/\">Reducing Plagiarism<\/a><\/li>\n<li id=\"menu-item-9799\" class=\"menu-item menu-item-type-post_type menu-item-object-page menu-item-9799\"><a href=\"https:\/\/www.yildiztez.com\/bebis-hesaplamalari\/\">BeBis Calculations<\/a><\/li>\n<\/ul><\/div>\r<!-- radiantthemes-custom-menu -->\r[\/vc_column][\/vc_row]<\/p>\n<\/section>","protected":false},"excerpt":{"rendered":"<p>[vc_row][vc_column width=&#8221;2\/3&#8243;][vc_column_text]Articles are scientific studies that associate, bachelor&#8217;s, bachelor&#8217;s, non-thesis master&#8217;s, master&#8217;s and doctoral students must put forward. With the articles, especially in the light of the information obtained, new information and different results are included in the field literature and branches are enabled to develop. For this reason, both undergraduate and graduate students are [&hellip;]<\/p>\n","protected":false},"author":1,"featured_media":0,"parent":0,"menu_order":0,"comment_status":"closed","ping_status":"closed","template":"","meta":{"footnotes":""},"class_list":["post-10314","page","type-page","status-publish","hentry"],"yoast_head":"<!-- This site is optimized with the Yoast SEO plugin v19.14 - https:\/\/yoast.com\/wordpress\/plugins\/seo\/ -->\n<title>Articles - Y\u0131ld\u0131z Tez<\/title>\n<meta name=\"robots\" content=\"index, follow, max-snippet:-1, max-image-preview:large, max-video-preview:-1\" \/>\n<link rel=\"canonical\" href=\"https:\/\/www.yildiztez.com\/articles\/\" \/>\n<meta property=\"og:locale\" content=\"en_US\" \/>\n<meta property=\"og:type\" content=\"article\" \/>\n<meta property=\"og:title\" content=\"Articles - Y\u0131ld\u0131z Tez\" \/>\n<meta property=\"og:description\" content=\"[vc_row][vc_column width=&#8221;2\/3&#8243;][vc_column_text]Articles are scientific studies that associate, bachelor&#8217;s, bachelor&#8217;s, non-thesis master&#8217;s, master&#8217;s and doctoral students must put forward. With the articles, especially in the light of the information obtained, new information and different results are included in the field literature and branches are enabled to develop. For this reason, both undergraduate and graduate students are [&hellip;]\" \/>\n<meta property=\"og:url\" content=\"https:\/\/www.yildiztez.com\/articles\/\" \/>\n<meta property=\"og:site_name\" content=\"Y\u0131ld\u0131z Tez\" \/>\n<meta property=\"og:image\" content=\"https:\/\/www.yildiztez.com\/wp-content\/uploads\/2023\/01\/326181240_1114038655927638_6494041733586115455_n.jpg\" \/>\n<meta name=\"twitter:card\" content=\"summary_large_image\" \/>\n<meta name=\"twitter:label1\" content=\"Est. reading time\" \/>\n\t<meta name=\"twitter:data1\" content=\"4 minutes\" \/>\n<script type=\"application\/ld+json\" class=\"yoast-schema-graph\">{\"@context\":\"https:\/\/schema.org\",\"@graph\":[{\"@type\":\"WebPage\",\"@id\":\"https:\/\/www.yildiztez.com\/articles\/\",\"url\":\"https:\/\/www.yildiztez.com\/articles\/\",\"name\":\"Articles - Y\u0131ld\u0131z Tez\",\"isPartOf\":{\"@id\":\"https:\/\/www.yildiztez.com\/#website\"},\"datePublished\":\"2023-01-16T08:00:51+00:00\",\"dateModified\":\"2023-01-16T08:00:51+00:00\",\"breadcrumb\":{\"@id\":\"https:\/\/www.yildiztez.com\/articles\/#breadcrumb\"},\"inLanguage\":\"en-US\",\"potentialAction\":[{\"@type\":\"ReadAction\",\"target\":[\"https:\/\/www.yildiztez.com\/articles\/\"]}]},{\"@type\":\"BreadcrumbList\",\"@id\":\"https:\/\/www.yildiztez.com\/articles\/#breadcrumb\",\"itemListElement\":[{\"@type\":\"ListItem\",\"position\":1,\"name\":\"Anasayfa\",\"item\":\"https:\/\/www.yildiztez.com\/en\/\"},{\"@type\":\"ListItem\",\"position\":2,\"name\":\"Articles\"}]},{\"@type\":\"WebSite\",\"@id\":\"https:\/\/www.yildiztez.com\/#website\",\"url\":\"https:\/\/www.yildiztez.com\/\",\"name\":\"Y\u0131ld\u0131z Tez\",\"description\":\"Y\u0131ld\u0131z Tez\",\"publisher\":{\"@id\":\"https:\/\/www.yildiztez.com\/#organization\"},\"potentialAction\":[{\"@type\":\"SearchAction\",\"target\":{\"@type\":\"EntryPoint\",\"urlTemplate\":\"https:\/\/www.yildiztez.com\/?s={search_term_string}\"},\"query-input\":\"required name=search_term_string\"}],\"inLanguage\":\"en-US\"},{\"@type\":\"Organization\",\"@id\":\"https:\/\/www.yildiztez.com\/#organization\",\"name\":\"Y\u0131ld\u0131z Tez\",\"url\":\"https:\/\/www.yildiztez.com\/\",\"logo\":{\"@type\":\"ImageObject\",\"inLanguage\":\"en-US\",\"@id\":\"https:\/\/www.yildiztez.com\/#\/schema\/logo\/image\/\",\"url\":\"https:\/\/www.yildiztez.com\/wp-content\/uploads\/2023\/01\/yildiz-tez-yeni-logo.png\",\"contentUrl\":\"https:\/\/www.yildiztez.com\/wp-content\/uploads\/2023\/01\/yildiz-tez-yeni-logo.png\",\"width\":720,\"height\":232,\"caption\":\"Y\u0131ld\u0131z Tez\"},\"image\":{\"@id\":\"https:\/\/www.yildiztez.com\/#\/schema\/logo\/image\/\"}}]}<\/script>\n<!-- \/ Yoast SEO plugin. -->","yoast_head_json":{"title":"Articles - Y\u0131ld\u0131z Tez","robots":{"index":"index","follow":"follow","max-snippet":"max-snippet:-1","max-image-preview":"max-image-preview:large","max-video-preview":"max-video-preview:-1"},"canonical":"https:\/\/www.yildiztez.com\/articles\/","og_locale":"en_US","og_type":"article","og_title":"Articles - Y\u0131ld\u0131z Tez","og_description":"[vc_row][vc_column width=&#8221;2\/3&#8243;][vc_column_text]Articles are scientific studies that associate, bachelor&#8217;s, bachelor&#8217;s, non-thesis master&#8217;s, master&#8217;s and doctoral students must put forward. With the articles, especially in the light of the information obtained, new information and different results are included in the field literature and branches are enabled to develop. For this reason, both undergraduate and graduate students are [&hellip;]","og_url":"https:\/\/www.yildiztez.com\/articles\/","og_site_name":"Y\u0131ld\u0131z Tez","og_image":[{"url":"https:\/\/www.yildiztez.com\/wp-content\/uploads\/2023\/01\/326181240_1114038655927638_6494041733586115455_n.jpg"}],"twitter_card":"summary_large_image","twitter_misc":{"Est. reading time":"4 minutes"},"schema":{"@context":"https:\/\/schema.org","@graph":[{"@type":"WebPage","@id":"https:\/\/www.yildiztez.com\/articles\/","url":"https:\/\/www.yildiztez.com\/articles\/","name":"Articles - Y\u0131ld\u0131z Tez","isPartOf":{"@id":"https:\/\/www.yildiztez.com\/#website"},"datePublished":"2023-01-16T08:00:51+00:00","dateModified":"2023-01-16T08:00:51+00:00","breadcrumb":{"@id":"https:\/\/www.yildiztez.com\/articles\/#breadcrumb"},"inLanguage":"en-US","potentialAction":[{"@type":"ReadAction","target":["https:\/\/www.yildiztez.com\/articles\/"]}]},{"@type":"BreadcrumbList","@id":"https:\/\/www.yildiztez.com\/articles\/#breadcrumb","itemListElement":[{"@type":"ListItem","position":1,"name":"Anasayfa","item":"https:\/\/www.yildiztez.com\/en\/"},{"@type":"ListItem","position":2,"name":"Articles"}]},{"@type":"WebSite","@id":"https:\/\/www.yildiztez.com\/#website","url":"https:\/\/www.yildiztez.com\/","name":"Y\u0131ld\u0131z Tez","description":"Y\u0131ld\u0131z Tez","publisher":{"@id":"https:\/\/www.yildiztez.com\/#organization"},"potentialAction":[{"@type":"SearchAction","target":{"@type":"EntryPoint","urlTemplate":"https:\/\/www.yildiztez.com\/?s={search_term_string}"},"query-input":"required name=search_term_string"}],"inLanguage":"en-US"},{"@type":"Organization","@id":"https:\/\/www.yildiztez.com\/#organization","name":"Y\u0131ld\u0131z Tez","url":"https:\/\/www.yildiztez.com\/","logo":{"@type":"ImageObject","inLanguage":"en-US","@id":"https:\/\/www.yildiztez.com\/#\/schema\/logo\/image\/","url":"https:\/\/www.yildiztez.com\/wp-content\/uploads\/2023\/01\/yildiz-tez-yeni-logo.png","contentUrl":"https:\/\/www.yildiztez.com\/wp-content\/uploads\/2023\/01\/yildiz-tez-yeni-logo.png","width":720,"height":232,"caption":"Y\u0131ld\u0131z Tez"},"image":{"@id":"https:\/\/www.yildiztez.com\/#\/schema\/logo\/image\/"}}]}},"_links":{"self":[{"href":"https:\/\/www.yildiztez.com\/en\/wp-json\/wp\/v2\/pages\/10314","targetHints":{"allow":["GET"]}}],"collection":[{"href":"https:\/\/www.yildiztez.com\/en\/wp-json\/wp\/v2\/pages"}],"about":[{"href":"https:\/\/www.yildiztez.com\/en\/wp-json\/wp\/v2\/types\/page"}],"author":[{"embeddable":true,"href":"https:\/\/www.yildiztez.com\/en\/wp-json\/wp\/v2\/users\/1"}],"replies":[{"embeddable":true,"href":"https:\/\/www.yildiztez.com\/en\/wp-json\/wp\/v2\/comments?post=10314"}],"version-history":[{"count":0,"href":"https:\/\/www.yildiztez.com\/en\/wp-json\/wp\/v2\/pages\/10314\/revisions"}],"wp:attachment":[{"href":"https:\/\/www.yildiztez.com\/en\/wp-json\/wp\/v2\/media?parent=10314"}],"curies":[{"name":"wp","href":"https:\/\/api.w.org\/{rel}","templated":true}]}}